{"id":2477,"date":"2021-12-29T18:15:18","date_gmt":"2021-12-29T18:15:18","guid":{"rendered":"https:\/\/inova-decorativa.net\/?page_id=2477"},"modified":"2025-04-17T10:44:54","modified_gmt":"2025-04-17T09:44:54","slug":"kontakt","status":"publish","type":"page","link":"https:\/\/inova-decorativa.net\/en\/kontakt\/","title":{"rendered":"Contact"},"content":{"rendered":"<div data-elementor-type=\"wp-page\" data-elementor-id=\"2477\" class=\"elementor elementor-2477\" data-elementor-post-type=\"page\">\n\t\t\t\t\t\t<section class=\"elementor-section elementor-top-section elementor-element elementor-element-abd96c4 elementor-section-full_width elementor-section-height-default elementor-section-height-default\" data-id=\"abd96c4\" data-element_type=\"section\" data-e-type=\"section\" data-settings=\"{&quot;background_background&quot;:&quot;classic&quot;}\">\n\t\t\t\t\t\t<div class=\"elementor-container elementor-column-gap-no\">\n\t\t\t\t\t<div class=\"elementor-column elementor-col-100 elementor-top-column elementor-element elementor-element-baeb7df\" data-id=\"baeb7df\" data-element_type=\"column\" data-e-type=\"column\">\n\t\t\t<div class=\"elementor-widget-wrap elementor-element-populated\">\n\t\t\t\t\t\t<section class=\"elementor-section elementor-inner-section elementor-element elementor-element-d7983ae elementor-section-height-min-height elementor-section-boxed elementor-section-height-default\" data-id=\"d7983ae\" data-element_type=\"section\" data-e-type=\"section\">\n\t\t\t\t\t\t<div class=\"elementor-container elementor-column-gap-default\">\n\t\t\t\t\t<div class=\"elementor-column elementor-col-50 elementor-inner-column elementor-element elementor-element-8022c75\" data-id=\"8022c75\" data-element_type=\"column\" data-e-type=\"column\">\n\t\t\t<div class=\"elementor-widget-wrap\">\n\t\t\t\t\t\t\t<\/div>\n\t\t<\/div>\n\t\t\t\t<div class=\"elementor-column elementor-col-50 elementor-inner-column elementor-element elementor-element-3509de2 no-widget-spacing\" data-id=\"3509de2\" data-element_type=\"column\" data-e-type=\"column\">\n\t\t\t<div class=\"elementor-widget-wrap elementor-element-populated\">\n\t\t\t\t\t\t<div class=\"elementor-element elementor-element-eeb2a79 elementor-widget elementor-widget-heading\" data-id=\"eeb2a79\" data-element_type=\"widget\" data-e-type=\"widget\" data-widget_type=\"heading.default\">\n\t\t\t\t<div class=\"elementor-widget-container\">\n\t\t\t\t\t<h1 class=\"elementor-heading-title elementor-size-default\">DO YOU HAVE QUESTION?<\/h1>\t\t\t\t<\/div>\n\t\t\t\t<\/div>\n\t\t\t\t<div class=\"elementor-element elementor-element-c86a8d0 elementor-widget elementor-widget-text-editor\" data-id=\"c86a8d0\" data-element_type=\"widget\" data-e-type=\"widget\" data-widget_type=\"text-editor.default\">\n\t\t\t\t<div class=\"elementor-widget-container\">\n\t\t\t\t\t\t\t\t\tPLEASE CONTACT US\t\n\t\t\t\t\t\t\t\t<\/div>\n\t\t\t\t<\/div>\n\t\t\t\t<div class=\"elementor-element elementor-element-7b89b0e elementor-hidden-mobile elementor-widget-divider--view-line elementor-widget elementor-widget-divider\" data-id=\"7b89b0e\" data-element_type=\"widget\" data-e-type=\"widget\" data-widget_type=\"divider.default\">\n\t\t\t\t<div class=\"elementor-widget-container\">\n\t\t\t\t\t\t\t<div class=\"elementor-divider\">\n\t\t\t<span class=\"elementor-divider-separator\">\n\t\t\t\t\t\t<\/span>\n\t\t<\/div>\n\t\t\t\t\t\t<\/div>\n\t\t\t\t<\/div>\n\t\t\t\t<div class=\"elementor-element elementor-element-32ae26e elementor-hidden-mobile elementor-widget elementor-widget-text-editor\" data-id=\"32ae26e\" data-element_type=\"widget\" data-e-type=\"widget\" data-widget_type=\"text-editor.default\">\n\t\t\t\t<div class=\"elementor-widget-container\">\n\t\t\t\t\t\t\t\t\tIf you need additional info about our products, way of application we will be happy to cooperate!\t\t\t\t\t\t\t\t<\/div>\n\t\t\t\t<\/div>\n\t\t\t\t\t<\/div>\n\t\t<\/div>\n\t\t\t\t\t<\/div>\n\t\t<\/section>\n\t\t\t\t\t<\/div>\n\t\t<\/div>\n\t\t\t\t\t<\/div>\n\t\t<\/section>\n\t\t\t\t<div class=\"elementor-section elementor-top-section elementor-element elementor-element-4125b5e elementor-section-boxed elementor-section-height-default elementor-section-height-default\" data-id=\"4125b5e\" data-element_type=\"section\" data-e-type=\"section\" data-settings=\"{&quot;background_background&quot;:&quot;classic&quot;}\">\n\t\t\t\t\t\t<div class=\"elementor-container elementor-column-gap-no\">\n\t\t\t\t\t<div class=\"elementor-column elementor-col-50 elementor-top-column elementor-element elementor-element-69ec627\" data-id=\"69ec627\" data-element_type=\"column\" data-e-type=\"column\">\n\t\t\t<div class=\"elementor-widget-wrap elementor-element-populated\">\n\t\t\t\t\t\t<div class=\"elementor-element elementor-element-e9ccdf6 elementor-button-align-start elementor-widget elementor-widget-form\" data-id=\"e9ccdf6\" data-element_type=\"widget\" data-e-type=\"widget\" data-settings=\"{&quot;step_next_label&quot;:&quot;Next&quot;,&quot;step_previous_label&quot;:&quot;Previous&quot;,&quot;step_type&quot;:&quot;number_text&quot;,&quot;step_icon_shape&quot;:&quot;circle&quot;}\" data-widget_type=\"form.default\">\n\t\t\t\t<div class=\"elementor-widget-container\">\n\t\t\t\t\t\t\t<form class=\"elementor-form\" method=\"post\" name=\"New Form\" aria-label=\"New Form\">\r\n\t\t\t<input type=\"hidden\" name=\"post_id\" value=\"2477\"\/>\r\n\t\t\t<input type=\"hidden\" name=\"form_id\" value=\"e9ccdf6\"\/>\r\n\t\t\t<input type=\"hidden\" name=\"referer_title\" value=\"INOVA Decorativa\" \/>\r\n\r\n\t\t\t\r\n\t\t\t<div class=\"elementor-form-fields-wrapper elementor-labels-\">\r\n\t\t\t\t\t\t\t\t<div class=\"elementor-field-type-text elementor-field-group elementor-column elementor-field-group-ime elementor-col-50 elementor-field-required\">\r\n\t\t\t\t\t\t\t\t\t\t\t\t<label for=\"form-field-ime\" class=\"elementor-field-label elementor-screen-only\">\r\n\t\t\t\t\t\t\t\tFirst name\t\t\t\t\t\t\t<\/label>\r\n\t\t\t\t\t\t\t\t\t\t\t\t\t\t<input size=\"1\" type=\"text\" name=\"form_fields[ime]\" id=\"form-field-ime\" class=\"elementor-field elementor-size-md  elementor-field-textual\" placeholder=\"First name*\" required=\"required\">\r\n\t\t\t\t\t\t\t\t\t\t\t<\/div>\r\n\t\t\t\t\t\t\t\t<div class=\"elementor-field-type-text elementor-field-group elementor-column elementor-field-group-prezime elementor-col-50 elementor-field-required\">\r\n\t\t\t\t\t\t\t\t\t\t\t\t<label for=\"form-field-prezime\" class=\"elementor-field-label elementor-screen-only\">\r\n\t\t\t\t\t\t\t\tLast Name\t\t\t\t\t\t\t<\/label>\r\n\t\t\t\t\t\t\t\t\t\t\t\t\t\t<input size=\"1\" type=\"text\" name=\"form_fields[prezime]\" id=\"form-field-prezime\" class=\"elementor-field elementor-size-md  elementor-field-textual\" placeholder=\"Last name*\" required=\"required\">\r\n\t\t\t\t\t\t\t\t\t\t\t<\/div>\r\n\t\t\t\t\t\t\t\t<div class=\"elementor-field-type-email elementor-field-group elementor-column elementor-field-group-email elementor-col-100 elementor-field-required\">\r\n\t\t\t\t\t\t\t\t\t\t\t\t<label for=\"form-field-email\" class=\"elementor-field-label elementor-screen-only\">\r\n\t\t\t\t\t\t\t\tEmail adresa\t\t\t\t\t\t\t<\/label>\r\n\t\t\t\t\t\t\t\t\t\t\t\t\t\t<input size=\"1\" type=\"email\" name=\"form_fields[email]\" id=\"form-field-email\" class=\"elementor-field elementor-size-md  elementor-field-textual\" placeholder=\"Email address*\" required=\"required\">\r\n\t\t\t\t\t\t\t\t\t\t\t<\/div>\r\n\t\t\t\t\t\t\t\t<div class=\"elementor-field-type-text elementor-field-group elementor-column elementor-field-group-field_f01fecb elementor-col-100\">\r\n\t\t\t\t\t\t\t\t\t\t\t\t<label for=\"form-field-field_f01fecb\" class=\"elementor-field-label elementor-screen-only\">\r\n\t\t\t\t\t\t\t\tPhone\t\t\t\t\t\t\t<\/label>\r\n\t\t\t\t\t\t\t\t\t\t\t\t\t\t<input size=\"1\" type=\"text\" name=\"form_fields[field_f01fecb]\" id=\"form-field-field_f01fecb\" class=\"elementor-field elementor-size-md  elementor-field-textual\" placeholder=\"Phone\">\r\n\t\t\t\t\t\t\t\t\t\t\t<\/div>\r\n\t\t\t\t\t\t\t\t<div class=\"elementor-field-type-html elementor-field-group elementor-column elementor-field-group-field_1bcd447 elementor-col-100\">\r\n\t\t\t\t\t<span style=\"display: block; padding: 0 15px; font-size: 14PX\">If you want us to contact you by phone.<\/span>\t\t\t\t<\/div>\r\n\t\t\t\t\t\t\t\t<div class=\"elementor-field-type-textarea elementor-field-group elementor-column elementor-field-group-poruka elementor-col-100 elementor-field-required\">\r\n\t\t\t\t\t\t\t\t\t\t\t\t<label for=\"form-field-poruka\" class=\"elementor-field-label elementor-screen-only\">\r\n\t\t\t\t\t\t\t\tVa\u0161a porkuka\t\t\t\t\t\t\t<\/label>\r\n\t\t\t\t\t\t<textarea class=\"elementor-field-textual elementor-field  elementor-size-md\" name=\"form_fields[poruka]\" id=\"form-field-poruka\" rows=\"6\" placeholder=\"Your message*\" required=\"required\"><\/textarea>\t\t\t\t<\/div>\r\n\t\t\t\t\t\t\t\t<div class=\"elementor-field-type-recaptcha_v3 elementor-field-group elementor-column elementor-field-group-field_28afe0f elementor-col-100 recaptcha_v3-inline\">\r\n\t\t\t\t\t<div class=\"elementor-field\" id=\"form-field-field_28afe0f\"><div class=\"elementor-g-recaptcha\" data-sitekey=\"6LcNhDEiAAAAAAMSrduelXD22jreZePflyXD1hcH\" data-type=\"v3\" data-action=\"Form\" data-badge=\"inline\" data-size=\"invisible\"><\/div><\/div>\t\t\t\t<\/div>\r\n\t\t\t\t\t\t\t\t<div class=\"elementor-field-type-html elementor-field-group elementor-column elementor-field-group-field_fef2243 elementor-col-100\">\r\n\t\t\t\t\t<small>This site is protected by reCAPTCHA and the Google <a href=\"https:\/\/policies.google.com\/privacy\" target=\"_blank\">Privacy Policy<\/a> and <a href=\"https:\/\/policies.google.com\/terms\" target=\"_blank\">Terms of Service<\/a> apply.<\/small>\t\t\t\t<\/div>\r\n\t\t\t\t\t\t\t\t<div class=\"elementor-field-group elementor-column elementor-field-type-submit elementor-col-100 e-form__buttons\">\r\n\t\t\t\t\t<button class=\"elementor-button elementor-size-md\" type=\"submit\">\r\n\t\t\t\t\t\t<span class=\"elementor-button-content-wrapper\">\r\n\t\t\t\t\t\t\t\t\t\t\t\t\t\t\t\t\t\t\t\t\t\t<span class=\"elementor-button-text\">SEND MESSAGE<\/span>\r\n\t\t\t\t\t\t\t\t\t\t\t\t\t<\/span>\r\n\t\t\t\t\t<\/button>\r\n\t\t\t\t<\/div>\r\n\t\t\t<\/div>\r\n\t\t<input type=\"hidden\" name=\"trp-form-language\" value=\"en\"\/><\/form>\r\n\t\t\t\t\t\t<\/div>\n\t\t\t\t<\/div>\n\t\t\t\t\t<\/div>\n\t\t<\/div>\n\t\t\t\t<div class=\"elementor-column elementor-col-50 elementor-top-column elementor-element elementor-element-da2af77\" data-id=\"da2af77\" data-element_type=\"column\" data-e-type=\"column\" data-settings=\"{&quot;background_background&quot;:&quot;classic&quot;}\">\n\t\t\t<div class=\"elementor-widget-wrap elementor-element-populated\">\n\t\t\t\t\t\t<div class=\"elementor-element elementor-element-71a55f9 elementor-widget elementor-widget-google_maps\" data-id=\"71a55f9\" data-element_type=\"widget\" data-e-type=\"widget\" data-widget_type=\"google_maps.default\">\n\t\t\t\t<div class=\"elementor-widget-container\">\n\t\t\t\t\t\t\t<div class=\"elementor-custom-embed\">\n\t\t\t<iframe loading=\"lazy\"\n\t\t\t\t\tsrc=\"https:\/\/maps.google.com\/maps?q=inova%20decorativa%20zrenjanin&#038;t=m&#038;z=14&#038;output=embed&#038;iwloc=near\"\n\t\t\t\t\ttitle=\"inova decorativa zrenjanin\"\n\t\t\t\t\taria-label=\"inova decorativa zrenjanin\"\n\t\t\t><\/iframe>\n\t\t<\/div>\n\t\t\t\t\t\t<\/div>\n\t\t\t\t<\/div>\n\t\t\t\t<div class=\"elementor-element elementor-element-ac3bdf0 elementor-list-item-link-inline elementor-icon-list--layout-traditional elementor-widget elementor-widget-icon-list\" data-id=\"ac3bdf0\" data-element_type=\"widget\" data-e-type=\"widget\" data-widget_type=\"icon-list.default\">\n\t\t\t\t<div class=\"elementor-widget-container\">\n\t\t\t\t\t\t\t<ul class=\"elementor-icon-list-items\">\n\t\t\t\t\t\t\t<li class=\"elementor-icon-list-item\">\n\t\t\t\t\t\t\t\t\t\t\t<span class=\"elementor-icon-list-icon\">\n\t\t\t\t\t\t\t<i aria-hidden=\"true\" class=\"fas fa-map-marker-alt\"><\/i>\t\t\t\t\t\t<\/span>\n\t\t\t\t\t\t\t\t\t\t<span class=\"elementor-icon-list-text\"> Slobodana Penezi\u0107a 52 Zrenjanin <\/span>\n\t\t\t\t\t\t\t\t\t<\/li>\n\t\t\t\t\t\t\t\t<li class=\"elementor-icon-list-item\">\n\t\t\t\t\t\t\t\t\t\t\t<a href=\"tel: 381611661945\">\n\n\t\t\t\t\t\t\t\t\t\t\t\t<span class=\"elementor-icon-list-icon\">\n\t\t\t\t\t\t\t<i aria-hidden=\"true\" class=\"fas fa-phone-alt\"><\/i>\t\t\t\t\t\t<\/span>\n\t\t\t\t\t\t\t\t\t\t<span class=\"elementor-icon-list-text\">+381 61 166 1945<\/span>\n\t\t\t\t\t\t\t\t\t\t\t<\/a>\n\t\t\t\t\t\t\t\t\t<\/li>\n\t\t\t\t\t\t\t\t<li class=\"elementor-icon-list-item\">\n\t\t\t\t\t\t\t\t\t\t\t<a href=\"mailto:info.inovagroup@gmail.com\">\n\n\t\t\t\t\t\t\t\t\t\t\t\t<span class=\"elementor-icon-list-icon\">\n\t\t\t\t\t\t\t<i aria-hidden=\"true\" class=\"fas fa-envelope\"><\/i>\t\t\t\t\t\t<\/span>\n\t\t\t\t\t\t\t\t\t\t<span class=\"elementor-icon-list-text\">info.inovagroup@gmail.com<\/span>\n\t\t\t\t\t\t\t\t\t\t\t<\/a>\n\t\t\t\t\t\t\t\t\t<\/li>\n\t\t\t\t\t\t<\/ul>\n\t\t\t\t\t\t<\/div>\n\t\t\t\t<\/div>\n\t\t\t\t\t<\/div>\n\t\t<\/div>\n\t\t\t\t\t<\/div>\n\t\t<\/div>\n\t\t\t\t<\/div>","protected":false},"excerpt":{"rendered":"<p>Imate pitanje? Kontaktirajte nas Potrebne su vam dodatne informacije o proizvodima koje nudimo, stru\u010dna konsultacija ili imate pitanje o na\u010dinu upotrebe dekorativnih tehnika i ugradnje dekorativne cigle ili kamena? Stru\u010dnjaci iz na\u0161eg tima vam stoje na raspolaganju, obratite nam se za informaciju ili savet. Slobodana Penezi\u0107a 52 Zrenjanin +381 61 166 1945 info.inovagroup@gmail.com<\/p>","protected":false},"author":2,"featured_media":0,"parent":0,"menu_order":0,"comment_status":"closed","ping_status":"closed","template":"elementor_header_footer","meta":{"inline_featured_image":false,"site-sidebar-layout":"default","site-content-layout":"","ast-site-content-layout":"default","site-content-style":"default","site-sidebar-style":"default","ast-global-header-display":"","ast-banner-title-visibility":"","ast-main-header-display":"","ast-hfb-above-header-display":"","ast-hfb-below-header-display":"","ast-hfb-mobile-header-display":"","site-post-title":"","ast-breadcrumbs-content":"","ast-featured-img":"","footer-sml-layout":"","ast-disable-related-posts":"","theme-transparent-header-meta":"","adv-header-id-meta":"","stick-header-meta":"","header-above-stick-meta":"","header-main-stick-meta":"","header-below-stick-meta":"","astra-migrate-meta-layouts":"default","ast-page-background-enabled":"default","ast-page-background-meta":{"desktop":{"background-color":"var(--ast-global-color-4)","background-image":"","background-repeat":"repeat","background-position":"center center","background-size":"auto","background-attachment":"scroll","background-type":"","background-media":"","overlay-type":"","overlay-color":"","overlay-opacity":"","overlay-gradient":""},"tablet":{"background-color":"","background-image":"","background-repeat":"repeat","background-position":"center center","background-size":"auto","background-attachment":"scroll","background-type":"","background-media":"","overlay-type":"","overlay-color":"","overlay-opacity":"","overlay-gradient":""},"mobile":{"background-color":"","background-image":"","background-repeat":"repeat","background-position":"center center","background-size":"auto","background-attachment":"scroll","background-type":"","background-media":"","overlay-type":"","overlay-color":"","overlay-opacity":"","overlay-gradient":""}},"ast-content-background-meta":{"desktop":{"background-color":"var(--ast-global-color-5)","background-image":"","background-repeat":"repeat","background-position":"center center","background-size":"auto","background-attachment":"scroll","background-type":"","background-media":"","overlay-type":"","overlay-color":"","overlay-opacity":"","overlay-gradient":""},"tablet":{"background-color":"var(--ast-global-color-5)","background-image":"","background-repeat":"repeat","background-position":"center center","background-size":"auto","background-attachment":"scroll","background-type":"","background-media":"","overlay-type":"","overlay-color":"","overlay-opacity":"","overlay-gradient":""},"mobile":{"background-color":"var(--ast-global-color-5)","background-image":"","background-repeat":"repeat","background-position":"center center","background-size":"auto","background-attachment":"scroll","background-type":"","background-media":"","overlay-type":"","overlay-color":"","overlay-opacity":"","overlay-gradient":""}},"footnotes":""},"class_list":["post-2477","page","type-page","status-publish","hentry"],"yoast_head":"<!-- This site is optimized with the Yoast SEO plugin v27.2 - https:\/\/yoast.com\/product\/yoast-seo-wordpress\/ -->\n<title>Kontakt - INOVA Decorativa<\/title>\n<meta name=\"robots\" content=\"index, follow, max-snippet:-1, max-image-preview:large, max-video-preview:-1\" \/>\n<link rel=\"canonical\" href=\"https:\/\/inova-decorativa.net\/en\/kontakt\/\" \/>\n<meta property=\"og:locale\" content=\"en_US\" \/>\n<meta property=\"og:type\" content=\"article\" \/>\n<meta property=\"og:title\" content=\"Kontakt - INOVA Decorativa\" \/>\n<meta property=\"og:description\" content=\"Imate pitanje? Kontaktirajte nas Potrebne su vam dodatne informacije o proizvodima koje nudimo, stru\u010dna konsultacija ili imate pitanje o na\u010dinu upotrebe dekorativnih tehnika i ugradnje dekorativne cigle ili kamena? Stru\u010dnjaci iz na\u0161eg tima vam stoje na raspolaganju, obratite nam se za informaciju ili savet. Slobodana Penezi\u0107a 52 Zrenjanin +381 61 166 1945 info.inovagroup@gmail.com\" \/>\n<meta property=\"og:url\" content=\"https:\/\/inova-decorativa.net\/en\/kontakt\/\" \/>\n<meta property=\"og:site_name\" content=\"INOVA Decorativa\" \/>\n<meta property=\"article:publisher\" content=\"https:\/\/www.facebook.com\/INOVA-Decorativa-vrhunski-dekorativni-materijali-218104771544433\/\" \/>\n<meta property=\"article:modified_time\" content=\"2025-04-17T09:44:54+00:00\" \/>\n<meta name=\"twitter:card\" content=\"summary_large_image\" \/>\n<meta name=\"twitter:label1\" content=\"Est. reading time\" \/>\n\t<meta name=\"twitter:data1\" content=\"1 minute\" \/>\n<script type=\"application\/ld+json\" class=\"yoast-schema-graph\">{\"@context\":\"https:\/\/schema.org\",\"@graph\":[{\"@type\":\"WebPage\",\"@id\":\"https:\/\/inova-decorativa.net\/kontakt\/\",\"url\":\"https:\/\/inova-decorativa.net\/kontakt\/\",\"name\":\"Kontakt - INOVA Decorativa\",\"isPartOf\":{\"@id\":\"https:\/\/inova-decorativa.net\/#website\"},\"datePublished\":\"2021-12-29T18:15:18+00:00\",\"dateModified\":\"2025-04-17T09:44:54+00:00\",\"breadcrumb\":{\"@id\":\"https:\/\/inova-decorativa.net\/kontakt\/#breadcrumb\"},\"inLanguage\":\"en-US\",\"potentialAction\":[{\"@type\":\"ReadAction\",\"target\":[\"https:\/\/inova-decorativa.net\/kontakt\/\"]}]},{\"@type\":\"BreadcrumbList\",\"@id\":\"https:\/\/inova-decorativa.net\/kontakt\/#breadcrumb\",\"itemListElement\":[{\"@type\":\"ListItem\",\"position\":1,\"name\":\"\u041f\u043e\u0447\u0435\u0442\u043d\u0430\",\"item\":\"https:\/\/inova-decorativa.net\/\"},{\"@type\":\"ListItem\",\"position\":2,\"name\":\"Kontakt\"}]},{\"@type\":\"WebSite\",\"@id\":\"https:\/\/inova-decorativa.net\/#website\",\"url\":\"https:\/\/inova-decorativa.net\/\",\"name\":\"INOVA Decorativa - Dekorativini materijali - Boje i lakovi - Dekorativni kamen - Dekorativna cigla\",\"description\":\"Dekorativini materijali - Boje i lakovi - Dekorativni kamen - Dekorativna cigla\",\"publisher\":{\"@id\":\"https:\/\/inova-decorativa.net\/#organization\"},\"potentialAction\":[{\"@type\":\"SearchAction\",\"target\":{\"@type\":\"EntryPoint\",\"urlTemplate\":\"https:\/\/inova-decorativa.net\/?s={search_term_string}\"},\"query-input\":{\"@type\":\"PropertyValueSpecification\",\"valueRequired\":true,\"valueName\":\"search_term_string\"}}],\"inLanguage\":\"en-US\"},{\"@type\":\"Organization\",\"@id\":\"https:\/\/inova-decorativa.net\/#organization\",\"name\":\"INOVA Decorativa\",\"url\":\"https:\/\/inova-decorativa.net\/\",\"logo\":{\"@type\":\"ImageObject\",\"inLanguage\":\"en-US\",\"@id\":\"https:\/\/inova-decorativa.net\/#\/schema\/logo\/image\/\",\"url\":\"https:\/\/inova-decorativa.net\/wp-content\/uploads\/2021\/12\/favicon.svg\",\"contentUrl\":\"https:\/\/inova-decorativa.net\/wp-content\/uploads\/2021\/12\/favicon.svg\",\"width\":487,\"height\":487,\"caption\":\"INOVA Decorativa\"},\"image\":{\"@id\":\"https:\/\/inova-decorativa.net\/#\/schema\/logo\/image\/\"},\"sameAs\":[\"https:\/\/www.facebook.com\/INOVA-Decorativa-vrhunski-dekorativni-materijali-218104771544433\/\",\"https:\/\/www.instagram.com\/info.inovagroup\/\"]}]}<\/script>\n<!-- \/ Yoast SEO plugin. -->","yoast_head_json":{"title":"Kontakt - INOVA Decorativa","robots":{"index":"index","follow":"follow","max-snippet":"max-snippet:-1","max-image-preview":"max-image-preview:large","max-video-preview":"max-video-preview:-1"},"canonical":"https:\/\/inova-decorativa.net\/en\/kontakt\/","og_locale":"en_US","og_type":"article","og_title":"Kontakt - INOVA Decorativa","og_description":"Imate pitanje? Kontaktirajte nas Potrebne su vam dodatne informacije o proizvodima koje nudimo, stru\u010dna konsultacija ili imate pitanje o na\u010dinu upotrebe dekorativnih tehnika i ugradnje dekorativne cigle ili kamena? Stru\u010dnjaci iz na\u0161eg tima vam stoje na raspolaganju, obratite nam se za informaciju ili savet. Slobodana Penezi\u0107a 52 Zrenjanin +381 61 166 1945 info.inovagroup@gmail.com","og_url":"https:\/\/inova-decorativa.net\/en\/kontakt\/","og_site_name":"INOVA Decorativa","article_publisher":"https:\/\/www.facebook.com\/INOVA-Decorativa-vrhunski-dekorativni-materijali-218104771544433\/","article_modified_time":"2025-04-17T09:44:54+00:00","twitter_card":"summary_large_image","twitter_misc":{"Est. reading time":"1 minute"},"schema":{"@context":"https:\/\/schema.org","@graph":[{"@type":"WebPage","@id":"https:\/\/inova-decorativa.net\/kontakt\/","url":"https:\/\/inova-decorativa.net\/kontakt\/","name":"Kontakt - INOVA Decorativa","isPartOf":{"@id":"https:\/\/inova-decorativa.net\/#website"},"datePublished":"2021-12-29T18:15:18+00:00","dateModified":"2025-04-17T09:44:54+00:00","breadcrumb":{"@id":"https:\/\/inova-decorativa.net\/kontakt\/#breadcrumb"},"inLanguage":"en-US","potentialAction":[{"@type":"ReadAction","target":["https:\/\/inova-decorativa.net\/kontakt\/"]}]},{"@type":"BreadcrumbList","@id":"https:\/\/inova-decorativa.net\/kontakt\/#breadcrumb","itemListElement":[{"@type":"ListItem","position":1,"name":"Po\u010detna","item":"https:\/\/inova-decorativa.net\/"},{"@type":"ListItem","position":2,"name":"Kontakt"}]},{"@type":"WebSite","@id":"https:\/\/inova-decorativa.net\/#website","url":"https:\/\/inova-decorativa.net\/","name":"INOVA Decorativa - Dekorativini materijali - Boje i lakovi - Dekorativni kamen - Dekorativna cigla","description":"Dekorativini materijali - Boje i lakovi - Dekorativni kamen - Dekorativna cigla","publisher":{"@id":"https:\/\/inova-decorativa.net\/#organization"},"potentialAction":[{"@type":"SearchAction","target":{"@type":"EntryPoint","urlTemplate":"https:\/\/inova-decorativa.net\/?s={search_term_string}"},"query-input":{"@type":"PropertyValueSpecification","valueRequired":true,"valueName":"search_term_string"}}],"inLanguage":"en-US"},{"@type":"Organization","@id":"https:\/\/inova-decorativa.net\/#organization","name":"INOVA Decorativa","url":"https:\/\/inova-decorativa.net\/","logo":{"@type":"ImageObject","inLanguage":"en-US","@id":"https:\/\/inova-decorativa.net\/#\/schema\/logo\/image\/","url":"https:\/\/inova-decorativa.net\/wp-content\/uploads\/2021\/12\/favicon.svg","contentUrl":"https:\/\/inova-decorativa.net\/wp-content\/uploads\/2021\/12\/favicon.svg","width":487,"height":487,"caption":"INOVA Decorativa"},"image":{"@id":"https:\/\/inova-decorativa.net\/#\/schema\/logo\/image\/"},"sameAs":["https:\/\/www.facebook.com\/INOVA-Decorativa-vrhunski-dekorativni-materijali-218104771544433\/","https:\/\/www.instagram.com\/info.inovagroup\/"]}]}},"_links":{"self":[{"href":"https:\/\/inova-decorativa.net\/en\/wp-json\/wp\/v2\/pages\/2477","targetHints":{"allow":["GET"]}}],"collection":[{"href":"https:\/\/inova-decorativa.net\/en\/wp-json\/wp\/v2\/pages"}],"about":[{"href":"https:\/\/inova-decorativa.net\/en\/wp-json\/wp\/v2\/types\/page"}],"author":[{"embeddable":true,"href":"https:\/\/inova-decorativa.net\/en\/wp-json\/wp\/v2\/users\/2"}],"replies":[{"embeddable":true,"href":"https:\/\/inova-decorativa.net\/en\/wp-json\/wp\/v2\/comments?post=2477"}],"version-history":[{"count":9,"href":"https:\/\/inova-decorativa.net\/en\/wp-json\/wp\/v2\/pages\/2477\/revisions"}],"predecessor-version":[{"id":6861,"href":"https:\/\/inova-decorativa.net\/en\/wp-json\/wp\/v2\/pages\/2477\/revisions\/6861"}],"wp:attachment":[{"href":"https:\/\/inova-decorativa.net\/en\/wp-json\/wp\/v2\/media?parent=2477"}],"curies":[{"name":"wp","href":"https:\/\/api.w.org\/{rel}","templated":true}]}}