{"id":5400,"date":"2022-10-07T21:22:27","date_gmt":"2022-10-07T20:22:27","guid":{"rendered":"https:\/\/inova-decorativa.net\/?page_id=5400"},"modified":"2024-09-07T13:23:37","modified_gmt":"2024-09-07T12:23:37","slug":"rustic-cigla-galerija","status":"publish","type":"page","link":"https:\/\/inova-decorativa.net\/en\/rustic-cigla-galerija\/","title":{"rendered":"Rustic cigla galerija"},"content":{"rendered":"<div data-elementor-type=\"wp-page\" data-elementor-id=\"5400\" class=\"elementor elementor-5400\" data-elementor-post-type=\"page\">\n\t\t\t\t\t\t<div class=\"elementor-section elementor-top-section elementor-element elementor-element-88bc73b elementor-section-full_width elementor-section-height-default elementor-section-height-default\" data-id=\"88bc73b\" data-element_type=\"section\" data-e-type=\"section\" data-settings=\"{&quot;background_background&quot;:&quot;classic&quot;}\">\n\t\t\t\t\t\t<div class=\"elementor-container elementor-column-gap-no\">\n\t\t\t\t\t<div class=\"elementor-column elementor-col-100 elementor-top-column elementor-element elementor-element-92bcf91\" data-id=\"92bcf91\" data-element_type=\"column\" data-e-type=\"column\">\n\t\t\t<div class=\"elementor-widget-wrap elementor-element-populated\">\n\t\t\t\t\t\t<div class=\"elementor-element elementor-element-2abfdf5 elementor-widget elementor-widget-heading\" data-id=\"2abfdf5\" data-element_type=\"widget\" data-e-type=\"widget\" data-widget_type=\"heading.default\">\n\t\t\t\t<div class=\"elementor-widget-container\">\n\t\t\t\t\t<h1 class=\"elementor-heading-title elementor-size-default\"><span><a href=\"https:\/\/inova-decorativa.net\/en\/fasadna-cigla-rustic\/\">Rustic brick<\/a><\/span> - gallery<\/h1>\t\t\t\t<\/div>\n\t\t\t\t<\/div>\n\t\t\t\t\t<\/div>\n\t\t<\/div>\n\t\t\t\t\t<\/div>\n\t\t<\/div>\n\t\t\t\t<section class=\"elementor-section elementor-top-section elementor-element elementor-element-31d8f1f elementor-section-content-space-between ind-namestaj-grid elementor-section-boxed elementor-section-height-default elementor-section-height-default\" data-id=\"31d8f1f\" data-element_type=\"section\" data-e-type=\"section\">\n\t\t\t\t\t\t<div class=\"elementor-container elementor-column-gap-no\">\n\t\t\t\t\t<div class=\"elementor-column elementor-col-33 elementor-top-column elementor-element elementor-element-df31238\" data-id=\"df31238\" data-element_type=\"column\" data-e-type=\"column\">\n\t\t\t<div class=\"elementor-widget-wrap elementor-element-populated\">\n\t\t\t\t\t\t<div class=\"elementor-element elementor-element-af3a8d8 product-title elementor-widget elementor-widget-heading\" data-id=\"af3a8d8\" data-element_type=\"widget\" data-e-type=\"widget\" data-widget_type=\"heading.default\">\n\t\t\t\t<div class=\"elementor-widget-container\">\n\t\t\t\t\t<h3 class=\"elementor-heading-title elementor-size-default\">Detail of the premises<\/h3>\t\t\t\t<\/div>\n\t\t\t\t<\/div>\n\t\t\t\t<div class=\"elementor-element elementor-element-8a55093 ind-nam-img-box elementor-position-top elementor-widget elementor-widget-image-box\" data-id=\"8a55093\" data-element_type=\"widget\" data-e-type=\"widget\" data-widget_type=\"image-box.default\">\n\t\t\t\t<div class=\"elementor-widget-container\">\n\t\t\t\t\t<div class=\"elementor-image-box-wrapper\"><figure class=\"elementor-image-box-img\"><a href=\"https:\/\/inova-decorativa.net\/en\/rustic-cigla-galerija\/detalj-lokala\/\" tabindex=\"-1\"><img decoding=\"async\" src=\"https:\/\/inova-decorativa.net\/wp-content\/uploads\/elementor\/thumbs\/inova-decorativa-rustic-cigla-detalj-lokala-01-pvvnw45ii759xbjnzzpg9hzl6ifaicocx0gezxko94.jpg\" title=\"Rustic cigla detalj lokala\" alt=\"Rustic cigla detalj lokala\" loading=\"lazy\" \/><\/a><\/figure><div class=\"elementor-image-box-content\"><p class=\"elementor-image-box-description\"><a href=\"https:\/\/inova-decorativa.net\/en\/rustic-cigla-galerija\/detalj-lokala\/\">View gallery<\/a><\/p><\/div><\/div>\t\t\t\t<\/div>\n\t\t\t\t<\/div>\n\t\t\t\t\t<\/div>\n\t\t<\/div>\n\t\t\t\t<div class=\"elementor-column elementor-col-33 elementor-top-column elementor-element elementor-element-18c6212\" data-id=\"18c6212\" data-element_type=\"column\" data-e-type=\"column\">\n\t\t\t<div class=\"elementor-widget-wrap elementor-element-populated\">\n\t\t\t\t\t\t<div class=\"elementor-element elementor-element-b6d665b product-title elementor-widget elementor-widget-heading\" data-id=\"b6d665b\" data-element_type=\"widget\" data-e-type=\"widget\" data-widget_type=\"heading.default\">\n\t\t\t\t<div class=\"elementor-widget-container\">\n\t\t\t\t\t<h3 class=\"elementor-heading-title elementor-size-default\">Mix display panel<\/h3>\t\t\t\t<\/div>\n\t\t\t\t<\/div>\n\t\t\t\t<div class=\"elementor-element elementor-element-868e9a7 ind-nam-img-box elementor-position-top elementor-widget elementor-widget-image-box\" data-id=\"868e9a7\" data-element_type=\"widget\" data-e-type=\"widget\" data-widget_type=\"image-box.default\">\n\t\t\t\t<div class=\"elementor-widget-container\">\n\t\t\t\t\t<div class=\"elementor-image-box-wrapper\"><figure class=\"elementor-image-box-img\"><a href=\"https:\/\/inova-decorativa.net\/en\/rustic-cigla-galerija\/mix-displej-panel\/\" tabindex=\"-1\"><img decoding=\"async\" src=\"https:\/\/inova-decorativa.net\/wp-content\/uploads\/elementor\/thumbs\/inova-decorativa-rustic-cigla-mix-displej-panel-01-pvvu1jyqk4a327w5y7ke64bv7cz8vcrwd19e3n8seg.jpg\" title=\"Rustic cigla mix displej panel\" alt=\"Rustic cigla mix displej panel\" loading=\"lazy\" \/><\/a><\/figure><div class=\"elementor-image-box-content\"><p class=\"elementor-image-box-description\"><a href=\"https:\/\/inova-decorativa.net\/en\/rustic-cigla-galerija\/mix-displej-panel\/\">View gallery<\/a><\/p><\/div><\/div>\t\t\t\t<\/div>\n\t\t\t\t<\/div>\n\t\t\t\t\t<\/div>\n\t\t<\/div>\n\t\t\t\t<div class=\"elementor-column elementor-col-33 elementor-top-column elementor-element elementor-element-e09f258\" data-id=\"e09f258\" data-element_type=\"column\" data-e-type=\"column\">\n\t\t\t<div class=\"elementor-widget-wrap elementor-element-populated\">\n\t\t\t\t\t\t<div class=\"elementor-element elementor-element-94b7a63 product-title elementor-widget elementor-widget-heading\" data-id=\"94b7a63\" data-element_type=\"widget\" data-e-type=\"widget\" data-widget_type=\"heading.default\">\n\t\t\t\t<div class=\"elementor-widget-container\">\n\t\t\t\t\t<h3 class=\"elementor-heading-title elementor-size-default\">Rustic yellow brick detail<\/h3>\t\t\t\t<\/div>\n\t\t\t\t<\/div>\n\t\t\t\t<div class=\"elementor-element elementor-element-ef78278 ind-nam-img-box elementor-position-top elementor-widget elementor-widget-image-box\" data-id=\"ef78278\" data-element_type=\"widget\" data-e-type=\"widget\" data-widget_type=\"image-box.default\">\n\t\t\t\t<div class=\"elementor-widget-container\">\n\t\t\t\t\t<div class=\"elementor-image-box-wrapper\"><figure class=\"elementor-image-box-img\"><a href=\"https:\/\/inova-decorativa.net\/en\/rustic-cigla-galerija\/zuta-detalj\/\" tabindex=\"-1\"><img decoding=\"async\" src=\"https:\/\/inova-decorativa.net\/wp-content\/uploads\/elementor\/thumbs\/inova-decorativa-rustic-cigla-zuta-detalj-02-pvvu1f9jly3ng62zpnj9bnik8fmesv98odzyp9fr9k.jpg\" title=\"Cigla rustic zuta detalj\" alt=\"Cigla rustic zuta detalj\" loading=\"lazy\" \/><\/a><\/figure><div class=\"elementor-image-box-content\"><p class=\"elementor-image-box-description\"><a href=\"https:\/\/inova-decorativa.net\/en\/rustic-cigla-galerija\/zuta-detalj\/\">View gallery<\/a><\/p><\/div><\/div>\t\t\t\t<\/div>\n\t\t\t\t<\/div>\n\t\t\t\t\t<\/div>\n\t\t<\/div>\n\t\t\t\t\t<\/div>\n\t\t<\/section>\n\t\t\t\t<section class=\"elementor-section elementor-top-section elementor-element elementor-element-8df9498 elementor-section-content-space-between ind-namestaj-grid elementor-section-boxed elementor-section-height-default elementor-section-height-default\" data-id=\"8df9498\" data-element_type=\"section\" data-e-type=\"section\">\n\t\t\t\t\t\t<div class=\"elementor-container elementor-column-gap-no\">\n\t\t\t\t\t<div class=\"elementor-column elementor-col-33 elementor-top-column elementor-element elementor-element-55d57dc\" data-id=\"55d57dc\" data-element_type=\"column\" data-e-type=\"column\">\n\t\t\t<div class=\"elementor-widget-wrap elementor-element-populated\">\n\t\t\t\t\t\t<div class=\"elementor-element elementor-element-89e32fe product-title elementor-widget elementor-widget-heading\" data-id=\"89e32fe\" data-element_type=\"widget\" data-e-type=\"widget\" data-widget_type=\"heading.default\">\n\t\t\t\t<div class=\"elementor-widget-container\">\n\t\t\t\t\t<h3 class=\"elementor-heading-title elementor-size-default\">Rustic red brick detail<\/h3>\t\t\t\t<\/div>\n\t\t\t\t<\/div>\n\t\t\t\t<div class=\"elementor-element elementor-element-5478d6c ind-nam-img-box elementor-position-top elementor-widget elementor-widget-image-box\" data-id=\"5478d6c\" data-element_type=\"widget\" data-e-type=\"widget\" data-widget_type=\"image-box.default\">\n\t\t\t\t<div class=\"elementor-widget-container\">\n\t\t\t\t\t<div class=\"elementor-image-box-wrapper\"><figure class=\"elementor-image-box-img\"><a href=\"https:\/\/inova-decorativa.net\/en\/rustic-cigla-galerija\/crvena-detalj\/\" tabindex=\"-1\"><img decoding=\"async\" src=\"https:\/\/inova-decorativa.net\/wp-content\/uploads\/elementor\/thumbs\/inova-decorativa-rustic-cigla-crvena-detalj-03-pvvuox8agu9pp7y6ht7hnq1ev7sr8gjnwp4ymalfpk.jpg\" title=\"Rustic red brick detail\" alt=\"Cigla rustic crvena detalj\" loading=\"lazy\" \/><\/a><\/figure><div class=\"elementor-image-box-content\"><p class=\"elementor-image-box-description\"><a href=\"https:\/\/inova-decorativa.net\/en\/rustic-cigla-galerija\/crvena-detalj\/\">View gallery<\/a><\/p><\/div><\/div>\t\t\t\t<\/div>\n\t\t\t\t<\/div>\n\t\t\t\t\t<\/div>\n\t\t<\/div>\n\t\t\t\t<div class=\"elementor-column elementor-col-33 elementor-top-column elementor-element elementor-element-3a57fb5\" data-id=\"3a57fb5\" data-element_type=\"column\" data-e-type=\"column\">\n\t\t\t<div class=\"elementor-widget-wrap elementor-element-populated\">\n\t\t\t\t\t\t<div class=\"elementor-element elementor-element-0deee08 product-title elementor-widget elementor-widget-heading\" data-id=\"0deee08\" data-element_type=\"widget\" data-e-type=\"widget\" data-widget_type=\"heading.default\">\n\t\t\t\t<div class=\"elementor-widget-container\">\n\t\t\t\t\t<h3 class=\"elementor-heading-title elementor-size-default\">Rustic gold &amp; yellow brick<\/h3>\t\t\t\t<\/div>\n\t\t\t\t<\/div>\n\t\t\t\t<div class=\"elementor-element elementor-element-6bcda1a ind-nam-img-box elementor-position-top elementor-widget elementor-widget-image-box\" data-id=\"6bcda1a\" data-element_type=\"widget\" data-e-type=\"widget\" data-widget_type=\"image-box.default\">\n\t\t\t\t<div class=\"elementor-widget-container\">\n\t\t\t\t\t<div class=\"elementor-image-box-wrapper\"><figure class=\"elementor-image-box-img\"><a href=\"https:\/\/inova-decorativa.net\/en\/rustic-cigla-galerija\/gold-i-zuta\/\" tabindex=\"-1\"><img decoding=\"async\" src=\"https:\/\/inova-decorativa.net\/wp-content\/uploads\/elementor\/thumbs\/inova-decorativa-rustic-cigla-gold-zuta-01-pvvvoemygoudzaeoandha9ou5uwkt4evsbpttbzetk.jpg\" title=\"Rustic gold &amp; yellow brick\" alt=\"Cigla rustic gold i \u017euta\" loading=\"lazy\" \/><\/a><\/figure><div class=\"elementor-image-box-content\"><p class=\"elementor-image-box-description\"><a href=\"https:\/\/inova-decorativa.net\/en\/rustic-cigla-galerija\/gold-i-zuta\/\">View gallery<\/a><\/p><\/div><\/div>\t\t\t\t<\/div>\n\t\t\t\t<\/div>\n\t\t\t\t\t<\/div>\n\t\t<\/div>\n\t\t\t\t<div class=\"elementor-column elementor-col-33 elementor-top-column elementor-element elementor-element-a3f4069\" data-id=\"a3f4069\" data-element_type=\"column\" data-e-type=\"column\">\n\t\t\t<div class=\"elementor-widget-wrap elementor-element-populated\">\n\t\t\t\t\t\t<div class=\"elementor-element elementor-element-c689d80 product-title elementor-widget elementor-widget-heading\" data-id=\"c689d80\" data-element_type=\"widget\" data-e-type=\"widget\" data-widget_type=\"heading.default\">\n\t\t\t\t<div class=\"elementor-widget-container\">\n\t\t\t\t\t<h3 class=\"elementor-heading-title elementor-size-default\">Trade chain white brick<\/h3>\t\t\t\t<\/div>\n\t\t\t\t<\/div>\n\t\t\t\t<div class=\"elementor-element elementor-element-07afa91 ind-nam-img-box elementor-position-top elementor-widget elementor-widget-image-box\" data-id=\"07afa91\" data-element_type=\"widget\" data-e-type=\"widget\" data-widget_type=\"image-box.default\">\n\t\t\t\t<div class=\"elementor-widget-container\">\n\t\t\t\t\t<div class=\"elementor-image-box-wrapper\"><figure class=\"elementor-image-box-img\"><a href=\"https:\/\/inova-decorativa.net\/en\/rustic-cigla-galerija\/trgovinski-lanac-bela\/\" tabindex=\"-1\"><img decoding=\"async\" src=\"https:\/\/inova-decorativa.net\/wp-content\/uploads\/elementor\/thumbs\/inova-decorativa-rustic-cigla-bela-trgovina-02-pvvwdh00pn5nkxzxxhfbrxzcfrcy2jx78dzyiytgw8.jpg\" title=\"Cigla rustic trgovinski lanac bela\" alt=\"Cigla rustic trgovinski lanac bela\" loading=\"lazy\" \/><\/a><\/figure><div class=\"elementor-image-box-content\"><p class=\"elementor-image-box-description\"><a href=\"https:\/\/inova-decorativa.net\/en\/rustic-cigla-galerija\/trgovinski-lanac-bela\/\">View gallery<\/a><\/p><\/div><\/div>\t\t\t\t<\/div>\n\t\t\t\t<\/div>\n\t\t\t\t\t<\/div>\n\t\t<\/div>\n\t\t\t\t\t<\/div>\n\t\t<\/section>\n\t\t\t\t<\/div>","protected":false},"excerpt":{"rendered":"<p>Rustic cigla &#8211; galerija Detalj lokala Pogledajte galeriju Mix displej panel Pogledajte galeriju Cigla rustic \u017euta detalj Pogledajte galeriju Cigla rustic crvena detalj Pogledajte galeriju Cigla rustic gold i \u017euta Pogledajte galeriju Trgovinski lanac bela Pogledajte galeriju<\/p>","protected":false},"author":2,"featured_media":0,"parent":0,"menu_order":0,"comment_status":"closed","ping_status":"closed","template":"","meta":{"inline_featured_image":false,"site-sidebar-layout":"no-sidebar","site-content-layout":"page-builder","ast-site-content-layout":"default","site-content-style":"default","site-sidebar-style":"default","ast-global-header-display":"","ast-banner-title-visibility":"","ast-main-header-display":"","ast-hfb-above-header-display":"","ast-hfb-below-header-display":"","ast-hfb-mobile-header-display":"","site-post-title":"disabled","ast-breadcrumbs-content":"","ast-featured-img":"disabled","footer-sml-layout":"","ast-disable-related-posts":"","theme-transparent-header-meta":"default","adv-header-id-meta":"","stick-header-meta":"","header-above-stick-meta":"","header-main-stick-meta":"","header-below-stick-meta":"","astra-migrate-meta-layouts":"default","ast-page-background-enabled":"default","ast-page-background-meta":{"desktop":{"background-color":"var(--ast-global-color-4)","background-image":"","background-repeat":"repeat","background-position":"center center","background-size":"auto","background-attachment":"scroll","background-type":"","background-media":"","overlay-type":"","overlay-color":"","overlay-opacity":"","overlay-gradient":""},"tablet":{"background-color":"","background-image":"","background-repeat":"repeat","background-position":"center center","background-size":"auto","background-attachment":"scroll","background-type":"","background-media":"","overlay-type":"","overlay-color":"","overlay-opacity":"","overlay-gradient":""},"mobile":{"background-color":"","background-image":"","background-repeat":"repeat","background-position":"center center","background-size":"auto","background-attachment":"scroll","background-type":"","background-media":"","overlay-type":"","overlay-color":"","overlay-opacity":"","overlay-gradient":""}},"ast-content-background-meta":{"desktop":{"background-color":"var(--ast-global-color-5)","background-image":"","background-repeat":"repeat","background-position":"center center","background-size":"auto","background-attachment":"scroll","background-type":"","background-media":"","overlay-type":"","overlay-color":"","overlay-opacity":"","overlay-gradient":""},"tablet":{"background-color":"var(--ast-global-color-5)","background-image":"","background-repeat":"repeat","background-position":"center center","background-size":"auto","background-attachment":"scroll","background-type":"","background-media":"","overlay-type":"","overlay-color":"","overlay-opacity":"","overlay-gradient":""},"mobile":{"background-color":"var(--ast-global-color-5)","background-image":"","background-repeat":"repeat","background-position":"center center","background-size":"auto","background-attachment":"scroll","background-type":"","background-media":"","overlay-type":"","overlay-color":"","overlay-opacity":"","overlay-gradient":""}},"footnotes":""},"class_list":["post-5400","page","type-page","status-publish","hentry"],"yoast_head":"<!-- This site is optimized with the Yoast SEO plugin v27.2 - https:\/\/yoast.com\/product\/yoast-seo-wordpress\/ -->\n<title>Rustic cigla galerija - INOVA Decorativa<\/title>\n<meta name=\"description\" content=\"Dekorativna cigla je 100% prirodni proizvod. STANDARDNE BOJE CIGLE: bela, \u017euta, be\u017e, oran\u017e, crvena i sme\u0111a. Ostale boje po zahtevu kupca.\" \/>\n<meta name=\"robots\" content=\"index, follow, max-snippet:-1, max-image-preview:large, max-video-preview:-1\" \/>\n<link rel=\"canonical\" href=\"https:\/\/inova-decorativa.net\/en\/rustic-cigla-galerija\/\" \/>\n<meta property=\"og:locale\" content=\"en_US\" \/>\n<meta property=\"og:type\" content=\"article\" \/>\n<meta property=\"og:title\" content=\"Rustic cigla galerija - INOVA Decorativa\" \/>\n<meta property=\"og:description\" content=\"Dekorativna cigla je 100% prirodni proizvod. STANDARDNE BOJE CIGLE: bela, \u017euta, be\u017e, oran\u017e, crvena i sme\u0111a. Ostale boje po zahtevu kupca.\" \/>\n<meta property=\"og:url\" content=\"https:\/\/inova-decorativa.net\/en\/rustic-cigla-galerija\/\" \/>\n<meta property=\"og:site_name\" content=\"INOVA Decorativa\" \/>\n<meta property=\"article:publisher\" content=\"https:\/\/www.facebook.com\/INOVA-Decorativa-vrhunski-dekorativni-materijali-218104771544433\/\" \/>\n<meta property=\"article:modified_time\" content=\"2024-09-07T12:23:37+00:00\" \/>\n<meta property=\"og:image\" content=\"https:\/\/inova-decorativa.net\/wp-content\/uploads\/elementor\/thumbs\/inova-decorativa-rustic-cigla-detalj-lokala-01-pvvnw45ii759xbjnzzpg9hzl6ifaicocx0gezxko94.jpg\" \/>\n<meta name=\"twitter:card\" content=\"summary_large_image\" \/>\n<meta name=\"twitter:label1\" content=\"Est. reading time\" \/>\n\t<meta name=\"twitter:data1\" content=\"2 minutes\" \/>\n<script type=\"application\/ld+json\" class=\"yoast-schema-graph\">{\"@context\":\"https:\/\/schema.org\",\"@graph\":[{\"@type\":\"WebPage\",\"@id\":\"https:\/\/inova-decorativa.net\/rustic-cigla-galerija\/\",\"url\":\"https:\/\/inova-decorativa.net\/rustic-cigla-galerija\/\",\"name\":\"Rustic cigla galerija - INOVA Decorativa\",\"isPartOf\":{\"@id\":\"https:\/\/inova-decorativa.net\/#website\"},\"primaryImageOfPage\":{\"@id\":\"https:\/\/inova-decorativa.net\/rustic-cigla-galerija\/#primaryimage\"},\"image\":{\"@id\":\"https:\/\/inova-decorativa.net\/rustic-cigla-galerija\/#primaryimage\"},\"thumbnailUrl\":\"https:\/\/inova-decorativa.net\/wp-content\/uploads\/elementor\/thumbs\/inova-decorativa-rustic-cigla-detalj-lokala-01-pvvnw45ii759xbjnzzpg9hzl6ifaicocx0gezxko94.jpg\",\"datePublished\":\"2022-10-07T20:22:27+00:00\",\"dateModified\":\"2024-09-07T12:23:37+00:00\",\"description\":\"Dekorativna cigla je 100% prirodni proizvod. STANDARDNE BOJE CIGLE: bela, \u017euta, be\u017e, oran\u017e, crvena i sme\u0111a. Ostale boje po zahtevu kupca.\",\"breadcrumb\":{\"@id\":\"https:\/\/inova-decorativa.net\/rustic-cigla-galerija\/#breadcrumb\"},\"inLanguage\":\"en-US\",\"potentialAction\":[{\"@type\":\"ReadAction\",\"target\":[\"https:\/\/inova-decorativa.net\/rustic-cigla-galerija\/\"]}]},{\"@type\":\"ImageObject\",\"inLanguage\":\"en-US\",\"@id\":\"https:\/\/inova-decorativa.net\/rustic-cigla-galerija\/#primaryimage\",\"url\":\"https:\/\/inova-decorativa.net\/wp-content\/uploads\/elementor\/thumbs\/inova-decorativa-rustic-cigla-detalj-lokala-01-pvvnw45ii759xbjnzzpg9hzl6ifaicocx0gezxko94.jpg\",\"contentUrl\":\"https:\/\/inova-decorativa.net\/wp-content\/uploads\/elementor\/thumbs\/inova-decorativa-rustic-cigla-detalj-lokala-01-pvvnw45ii759xbjnzzpg9hzl6ifaicocx0gezxko94.jpg\"},{\"@type\":\"BreadcrumbList\",\"@id\":\"https:\/\/inova-decorativa.net\/rustic-cigla-galerija\/#breadcrumb\",\"itemListElement\":[{\"@type\":\"ListItem\",\"position\":1,\"name\":\"\u041f\u043e\u0447\u0435\u0442\u043d\u0430\",\"item\":\"https:\/\/inova-decorativa.net\/\"},{\"@type\":\"ListItem\",\"position\":2,\"name\":\"Rustic cigla galerija\"}]},{\"@type\":\"WebSite\",\"@id\":\"https:\/\/inova-decorativa.net\/#website\",\"url\":\"https:\/\/inova-decorativa.net\/\",\"name\":\"INOVA Decorativa - Dekorativini materijali - Boje i lakovi - Dekorativni kamen - Dekorativna cigla\",\"description\":\"Dekorativini materijali - Boje i lakovi - Dekorativni kamen - Dekorativna cigla\",\"publisher\":{\"@id\":\"https:\/\/inova-decorativa.net\/#organization\"},\"potentialAction\":[{\"@type\":\"SearchAction\",\"target\":{\"@type\":\"EntryPoint\",\"urlTemplate\":\"https:\/\/inova-decorativa.net\/?s={search_term_string}\"},\"query-input\":{\"@type\":\"PropertyValueSpecification\",\"valueRequired\":true,\"valueName\":\"search_term_string\"}}],\"inLanguage\":\"en-US\"},{\"@type\":\"Organization\",\"@id\":\"https:\/\/inova-decorativa.net\/#organization\",\"name\":\"INOVA Decorativa\",\"url\":\"https:\/\/inova-decorativa.net\/\",\"logo\":{\"@type\":\"ImageObject\",\"inLanguage\":\"en-US\",\"@id\":\"https:\/\/inova-decorativa.net\/#\/schema\/logo\/image\/\",\"url\":\"https:\/\/inova-decorativa.net\/wp-content\/uploads\/2021\/12\/favicon.svg\",\"contentUrl\":\"https:\/\/inova-decorativa.net\/wp-content\/uploads\/2021\/12\/favicon.svg\",\"width\":487,\"height\":487,\"caption\":\"INOVA Decorativa\"},\"image\":{\"@id\":\"https:\/\/inova-decorativa.net\/#\/schema\/logo\/image\/\"},\"sameAs\":[\"https:\/\/www.facebook.com\/INOVA-Decorativa-vrhunski-dekorativni-materijali-218104771544433\/\",\"https:\/\/www.instagram.com\/info.inovagroup\/\"]}]}<\/script>\n<!-- \/ Yoast SEO plugin. -->","yoast_head_json":{"title":"Rustic cigla galerija - INOVA Decorativa","description":"Dekorativna cigla je 100% prirodni proizvod. STANDARDNE BOJE CIGLE: bela, \u017euta, be\u017e, oran\u017e, crvena i sme\u0111a. Ostale boje po zahtevu kupca.","robots":{"index":"index","follow":"follow","max-snippet":"max-snippet:-1","max-image-preview":"max-image-preview:large","max-video-preview":"max-video-preview:-1"},"canonical":"https:\/\/inova-decorativa.net\/en\/rustic-cigla-galerija\/","og_locale":"en_US","og_type":"article","og_title":"Rustic cigla galerija - INOVA Decorativa","og_description":"Dekorativna cigla je 100% prirodni proizvod. STANDARDNE BOJE CIGLE: bela, \u017euta, be\u017e, oran\u017e, crvena i sme\u0111a. Ostale boje po zahtevu kupca.","og_url":"https:\/\/inova-decorativa.net\/en\/rustic-cigla-galerija\/","og_site_name":"INOVA Decorativa","article_publisher":"https:\/\/www.facebook.com\/INOVA-Decorativa-vrhunski-dekorativni-materijali-218104771544433\/","article_modified_time":"2024-09-07T12:23:37+00:00","og_image":[{"url":"https:\/\/inova-decorativa.net\/wp-content\/uploads\/elementor\/thumbs\/inova-decorativa-rustic-cigla-detalj-lokala-01-pvvnw45ii759xbjnzzpg9hzl6ifaicocx0gezxko94.jpg","type":"","width":"","height":""}],"twitter_card":"summary_large_image","twitter_misc":{"Est. reading time":"2 minutes"},"schema":{"@context":"https:\/\/schema.org","@graph":[{"@type":"WebPage","@id":"https:\/\/inova-decorativa.net\/rustic-cigla-galerija\/","url":"https:\/\/inova-decorativa.net\/rustic-cigla-galerija\/","name":"Rustic cigla galerija - INOVA Decorativa","isPartOf":{"@id":"https:\/\/inova-decorativa.net\/#website"},"primaryImageOfPage":{"@id":"https:\/\/inova-decorativa.net\/rustic-cigla-galerija\/#primaryimage"},"image":{"@id":"https:\/\/inova-decorativa.net\/rustic-cigla-galerija\/#primaryimage"},"thumbnailUrl":"https:\/\/inova-decorativa.net\/wp-content\/uploads\/elementor\/thumbs\/inova-decorativa-rustic-cigla-detalj-lokala-01-pvvnw45ii759xbjnzzpg9hzl6ifaicocx0gezxko94.jpg","datePublished":"2022-10-07T20:22:27+00:00","dateModified":"2024-09-07T12:23:37+00:00","description":"Dekorativna cigla je 100% prirodni proizvod. STANDARDNE BOJE CIGLE: bela, \u017euta, be\u017e, oran\u017e, crvena i sme\u0111a. Ostale boje po zahtevu kupca.","breadcrumb":{"@id":"https:\/\/inova-decorativa.net\/rustic-cigla-galerija\/#breadcrumb"},"inLanguage":"en-US","potentialAction":[{"@type":"ReadAction","target":["https:\/\/inova-decorativa.net\/rustic-cigla-galerija\/"]}]},{"@type":"ImageObject","inLanguage":"en-US","@id":"https:\/\/inova-decorativa.net\/rustic-cigla-galerija\/#primaryimage","url":"https:\/\/inova-decorativa.net\/wp-content\/uploads\/elementor\/thumbs\/inova-decorativa-rustic-cigla-detalj-lokala-01-pvvnw45ii759xbjnzzpg9hzl6ifaicocx0gezxko94.jpg","contentUrl":"https:\/\/inova-decorativa.net\/wp-content\/uploads\/elementor\/thumbs\/inova-decorativa-rustic-cigla-detalj-lokala-01-pvvnw45ii759xbjnzzpg9hzl6ifaicocx0gezxko94.jpg"},{"@type":"BreadcrumbList","@id":"https:\/\/inova-decorativa.net\/rustic-cigla-galerija\/#breadcrumb","itemListElement":[{"@type":"ListItem","position":1,"name":"Po\u010detna","item":"https:\/\/inova-decorativa.net\/"},{"@type":"ListItem","position":2,"name":"Rustic cigla galerija"}]},{"@type":"WebSite","@id":"https:\/\/inova-decorativa.net\/#website","url":"https:\/\/inova-decorativa.net\/","name":"INOVA Decorativa - Dekorativini materijali - Boje i lakovi - Dekorativni kamen - Dekorativna cigla","description":"Dekorativini materijali - Boje i lakovi - Dekorativni kamen - Dekorativna cigla","publisher":{"@id":"https:\/\/inova-decorativa.net\/#organization"},"potentialAction":[{"@type":"SearchAction","target":{"@type":"EntryPoint","urlTemplate":"https:\/\/inova-decorativa.net\/?s={search_term_string}"},"query-input":{"@type":"PropertyValueSpecification","valueRequired":true,"valueName":"search_term_string"}}],"inLanguage":"en-US"},{"@type":"Organization","@id":"https:\/\/inova-decorativa.net\/#organization","name":"INOVA Decorativa","url":"https:\/\/inova-decorativa.net\/","logo":{"@type":"ImageObject","inLanguage":"en-US","@id":"https:\/\/inova-decorativa.net\/#\/schema\/logo\/image\/","url":"https:\/\/inova-decorativa.net\/wp-content\/uploads\/2021\/12\/favicon.svg","contentUrl":"https:\/\/inova-decorativa.net\/wp-content\/uploads\/2021\/12\/favicon.svg","width":487,"height":487,"caption":"INOVA Decorativa"},"image":{"@id":"https:\/\/inova-decorativa.net\/#\/schema\/logo\/image\/"},"sameAs":["https:\/\/www.facebook.com\/INOVA-Decorativa-vrhunski-dekorativni-materijali-218104771544433\/","https:\/\/www.instagram.com\/info.inovagroup\/"]}]}},"_links":{"self":[{"href":"https:\/\/inova-decorativa.net\/en\/wp-json\/wp\/v2\/pages\/5400","targetHints":{"allow":["GET"]}}],"collection":[{"href":"https:\/\/inova-decorativa.net\/en\/wp-json\/wp\/v2\/pages"}],"about":[{"href":"https:\/\/inova-decorativa.net\/en\/wp-json\/wp\/v2\/types\/page"}],"author":[{"embeddable":true,"href":"https:\/\/inova-decorativa.net\/en\/wp-json\/wp\/v2\/users\/2"}],"replies":[{"embeddable":true,"href":"https:\/\/inova-decorativa.net\/en\/wp-json\/wp\/v2\/comments?post=5400"}],"version-history":[{"count":3,"href":"https:\/\/inova-decorativa.net\/en\/wp-json\/wp\/v2\/pages\/5400\/revisions"}],"predecessor-version":[{"id":6342,"href":"https:\/\/inova-decorativa.net\/en\/wp-json\/wp\/v2\/pages\/5400\/revisions\/6342"}],"wp:attachment":[{"href":"https:\/\/inova-decorativa.net\/en\/wp-json\/wp\/v2\/media?parent=5400"}],"curies":[{"name":"wp","href":"https:\/\/api.w.org\/{rel}","templated":true}]}}