{"id":3140,"date":"2022-05-15T17:49:55","date_gmt":"2022-05-15T16:49:55","guid":{"rendered":"https:\/\/inova-decorativa.net\/?post_type=product&#038;p=3140"},"modified":"2024-09-30T15:21:31","modified_gmt":"2024-09-30T14:21:31","slug":"lustro","status":"publish","type":"product","link":"https:\/\/inova-decorativa.net\/en\/lustro\/","title":{"rendered":"Lustro"},"content":{"rendered":"<h4>Application<\/h4>\n<p>Usually by brush.<br \/>\n<\/p>\n<h4>Dilution<\/h4>\n<p>Ready to be used. It can de diluted with up to 10% of water.<\/p>\n<h4>Consumption<\/h4>\n<p>1 liter for 6-8m2<sup>2<\/sup><\/p>\n<h4>Package<\/h4>\n<p>1, 3, 5, 10 and 18 Liter<\/p>\n<h4>Lifetime<\/h4>\n<p>2 years<\/p>","protected":false},"excerpt":{"rendered":"<h2>Well balanced combination of pearl reflection and fine random pattern of quartz sand dunes.<\/h2>\n<p>Lustro decorative wall paint is, with no doubt, the most popular of all! It is glamorous and easy to apply.<\/p>\n<p>Pearl pigment in quartz sand dune effect. Class of super wash ability. Easy to repair.<\/p>\n<p>It is recommended in rooms where high hygiene conditions are required.<\/p>","protected":false},"featured_media":1926,"comment_status":"open","ping_status":"closed","template":"","meta":{"inline_featured_image":false,"site-sidebar-layout":"default","site-content-layout":"default","ast-site-content-layout":"default","site-content-style":"default","site-sidebar-style":"default","ast-global-header-display":"","ast-banner-title-visibility":"","ast-main-header-display":"","ast-hfb-above-header-display":"","ast-hfb-below-header-display":"","ast-hfb-mobile-header-display":"","site-post-title":"","ast-breadcrumbs-content":"","ast-featured-img":"","footer-sml-layout":"","ast-disable-related-posts":"","theme-transparent-header-meta":"default","adv-header-id-meta":"","stick-header-meta":"","header-above-stick-meta":"","header-main-stick-meta":"","header-below-stick-meta":"","astra-migrate-meta-layouts":"set","ast-page-background-enabled":"default","ast-page-background-meta":{"desktop":{"background-color":"var(--ast-global-color-4)","background-image":"","background-repeat":"repeat","background-position":"center center","background-size":"auto","background-attachment":"scroll","background-type":"","background-media":"","overlay-type":"","overlay-color":"","overlay-opacity":"","overlay-gradient":""},"tablet":{"background-color":"","background-image":"","background-repeat":"repeat","background-position":"center center","background-size":"auto","background-attachment":"scroll","background-type":"","background-media":"","overlay-type":"","overlay-color":"","overlay-opacity":"","overlay-gradient":""},"mobile":{"background-color":"","background-image":"","background-repeat":"repeat","background-position":"center center","background-size":"auto","background-attachment":"scroll","background-type":"","background-media":"","overlay-type":"","overlay-color":"","overlay-opacity":"","overlay-gradient":""}},"ast-content-background-meta":{"desktop":{"background-color":"var(--ast-global-color-5)","background-image":"","background-repeat":"repeat","background-position":"center center","background-size":"auto","background-attachment":"scroll","background-type":"","background-media":"","overlay-type":"","overlay-color":"","overlay-opacity":"","overlay-gradient":""},"tablet":{"background-color":"var(--ast-global-color-5)","background-image":"","background-repeat":"repeat","background-position":"center center","background-size":"auto","background-attachment":"scroll","background-type":"","background-media":"","overlay-type":"","overlay-color":"","overlay-opacity":"","overlay-gradient":""},"mobile":{"background-color":"var(--ast-global-color-5)","background-image":"","background-repeat":"repeat","background-position":"center center","background-size":"auto","background-attachment":"scroll","background-type":"","background-media":"","overlay-type":"","overlay-color":"","overlay-opacity":"","overlay-gradient":""}}},"product_brand":[],"product_cat":[34],"product_tag":[],"class_list":{"0":"post-3140","1":"product","2":"type-product","3":"status-publish","4":"has-post-thumbnail","6":"product_cat-dekorativne-tehnike","7":"desktop-align-left","8":"tablet-align-left","9":"mobile-align-left","11":"first","12":"instock","13":"shipping-taxable","14":"purchasable","15":"product-type-variable"},"yoast_head":"<!-- This site is optimized with the Yoast SEO plugin v27.2 - https:\/\/yoast.com\/product\/yoast-seo-wordpress\/ -->\n<title>Dekorativne zidne boje - Lustro - INOVA Decorativa<\/title>\n<meta name=\"description\" content=\"Super-perivost \u201cLustro\u201d dekorativne tehnike garantuje lako odr\u017eavanje uklju\u010duju\u0107i i pranje deterd\u017eentom. Zahvaljuju\u0107i tom svojstvu trajnost ove posebne boje nije ograni\u010dena prljanjem i habanjem.\" \/>\n<meta name=\"robots\" content=\"index, follow, max-snippet:-1, max-image-preview:large, max-video-preview:-1\" \/>\n<link rel=\"canonical\" href=\"https:\/\/inova-decorativa.net\/en\/lustro\/\" \/>\n<meta property=\"og:locale\" content=\"en_US\" \/>\n<meta property=\"og:type\" content=\"article\" \/>\n<meta property=\"og:title\" content=\"Dekorativne zidne boje - Lustro - INOVA Decorativa\" \/>\n<meta property=\"og:description\" content=\"Super-perivost \u201cLustro\u201d dekorativne tehnike garantuje lako odr\u017eavanje uklju\u010duju\u0107i i pranje deterd\u017eentom. Zahvaljuju\u0107i tom svojstvu trajnost ove posebne boje nije ograni\u010dena prljanjem i habanjem.\" \/>\n<meta property=\"og:url\" content=\"https:\/\/inova-decorativa.net\/en\/lustro\/\" \/>\n<meta property=\"og:site_name\" content=\"INOVA Decorativa\" \/>\n<meta property=\"article:publisher\" content=\"https:\/\/www.facebook.com\/INOVA-Decorativa-vrhunski-dekorativni-materijali-218104771544433\/\" \/>\n<meta property=\"article:modified_time\" content=\"2024-09-30T14:21:31+00:00\" \/>\n<meta property=\"og:image\" content=\"https:\/\/inova-decorativa.net\/wp-content\/uploads\/2021\/11\/img-lustro-silver-base.png\" \/>\n\t<meta property=\"og:image:width\" content=\"700\" \/>\n\t<meta property=\"og:image:height\" content=\"600\" \/>\n\t<meta property=\"og:image:type\" content=\"image\/png\" \/>\n<meta name=\"twitter:card\" content=\"summary_large_image\" \/>\n<meta name=\"twitter:label1\" content=\"Est. reading time\" \/>\n\t<meta name=\"twitter:data1\" content=\"2 minutes\" \/>\n<script type=\"application\/ld+json\" class=\"yoast-schema-graph\">{\"@context\":\"https:\/\/schema.org\",\"@graph\":[{\"@type\":\"WebPage\",\"@id\":\"https:\/\/inova-decorativa.net\/lustro\/\",\"url\":\"https:\/\/inova-decorativa.net\/lustro\/\",\"name\":\"Dekorativne zidne boje - Lustro - INOVA Decorativa\",\"isPartOf\":{\"@id\":\"https:\/\/inova-decorativa.net\/#website\"},\"primaryImageOfPage\":{\"@id\":\"https:\/\/inova-decorativa.net\/lustro\/#primaryimage\"},\"image\":{\"@id\":\"https:\/\/inova-decorativa.net\/lustro\/#primaryimage\"},\"thumbnailUrl\":\"https:\/\/inova-decorativa.net\/wp-content\/uploads\/2021\/11\/img-lustro-silver-base.png\",\"datePublished\":\"2022-05-15T16:49:55+00:00\",\"dateModified\":\"2024-09-30T14:21:31+00:00\",\"description\":\"Super-perivost \u201cLustro\u201d dekorativne tehnike garantuje lako odr\u017eavanje uklju\u010duju\u0107i i pranje deterd\u017eentom. Zahvaljuju\u0107i tom svojstvu trajnost ove posebne boje nije ograni\u010dena prljanjem i habanjem.\",\"breadcrumb\":{\"@id\":\"https:\/\/inova-decorativa.net\/lustro\/#breadcrumb\"},\"inLanguage\":\"en-US\",\"potentialAction\":[{\"@type\":\"ReadAction\",\"target\":[\"https:\/\/inova-decorativa.net\/lustro\/\"]}]},{\"@type\":\"ImageObject\",\"inLanguage\":\"en-US\",\"@id\":\"https:\/\/inova-decorativa.net\/lustro\/#primaryimage\",\"url\":\"https:\/\/inova-decorativa.net\/wp-content\/uploads\/2021\/11\/img-lustro-silver-base.png\",\"contentUrl\":\"https:\/\/inova-decorativa.net\/wp-content\/uploads\/2021\/11\/img-lustro-silver-base.png\",\"width\":700,\"height\":600,\"caption\":\"Lustro-silver-base\"},{\"@type\":\"BreadcrumbList\",\"@id\":\"https:\/\/inova-decorativa.net\/lustro\/#breadcrumb\",\"itemListElement\":[{\"@type\":\"ListItem\",\"position\":1,\"name\":\"\u041f\u043e\u0447\u0435\u0442\u043d\u0430\",\"item\":\"https:\/\/inova-decorativa.net\/\"},{\"@type\":\"ListItem\",\"position\":2,\"name\":\"Proizvodi\",\"item\":\"https:\/\/inova-decorativa.net\/proizvodi\/\"},{\"@type\":\"ListItem\",\"position\":3,\"name\":\"Lustro\"}]},{\"@type\":\"WebSite\",\"@id\":\"https:\/\/inova-decorativa.net\/#website\",\"url\":\"https:\/\/inova-decorativa.net\/\",\"name\":\"INOVA Decorativa - Dekorativini materijali - Boje i lakovi - Dekorativni kamen - Dekorativna cigla\",\"description\":\"Dekorativini materijali - Boje i lakovi - Dekorativni kamen - Dekorativna cigla\",\"publisher\":{\"@id\":\"https:\/\/inova-decorativa.net\/#organization\"},\"potentialAction\":[{\"@type\":\"SearchAction\",\"target\":{\"@type\":\"EntryPoint\",\"urlTemplate\":\"https:\/\/inova-decorativa.net\/?s={search_term_string}\"},\"query-input\":{\"@type\":\"PropertyValueSpecification\",\"valueRequired\":true,\"valueName\":\"search_term_string\"}}],\"inLanguage\":\"en-US\"},{\"@type\":\"Organization\",\"@id\":\"https:\/\/inova-decorativa.net\/#organization\",\"name\":\"INOVA Decorativa\",\"url\":\"https:\/\/inova-decorativa.net\/\",\"logo\":{\"@type\":\"ImageObject\",\"inLanguage\":\"en-US\",\"@id\":\"https:\/\/inova-decorativa.net\/#\/schema\/logo\/image\/\",\"url\":\"https:\/\/inova-decorativa.net\/wp-content\/uploads\/2021\/12\/favicon.svg\",\"contentUrl\":\"https:\/\/inova-decorativa.net\/wp-content\/uploads\/2021\/12\/favicon.svg\",\"width\":487,\"height\":487,\"caption\":\"INOVA Decorativa\"},\"image\":{\"@id\":\"https:\/\/inova-decorativa.net\/#\/schema\/logo\/image\/\"},\"sameAs\":[\"https:\/\/www.facebook.com\/INOVA-Decorativa-vrhunski-dekorativni-materijali-218104771544433\/\",\"https:\/\/www.instagram.com\/info.inovagroup\/\"]}]}<\/script>\n<!-- \/ Yoast SEO plugin. -->","yoast_head_json":{"title":"Dekorativne zidne boje - Lustro - INOVA Decorativa","description":"Super-perivost \u201cLustro\u201d dekorativne tehnike garantuje lako odr\u017eavanje uklju\u010duju\u0107i i pranje deterd\u017eentom. Zahvaljuju\u0107i tom svojstvu trajnost ove posebne boje nije ograni\u010dena prljanjem i habanjem.","robots":{"index":"index","follow":"follow","max-snippet":"max-snippet:-1","max-image-preview":"max-image-preview:large","max-video-preview":"max-video-preview:-1"},"canonical":"https:\/\/inova-decorativa.net\/en\/lustro\/","og_locale":"en_US","og_type":"article","og_title":"Dekorativne zidne boje - Lustro - INOVA Decorativa","og_description":"Super-perivost \u201cLustro\u201d dekorativne tehnike garantuje lako odr\u017eavanje uklju\u010duju\u0107i i pranje deterd\u017eentom. Zahvaljuju\u0107i tom svojstvu trajnost ove posebne boje nije ograni\u010dena prljanjem i habanjem.","og_url":"https:\/\/inova-decorativa.net\/en\/lustro\/","og_site_name":"INOVA Decorativa","article_publisher":"https:\/\/www.facebook.com\/INOVA-Decorativa-vrhunski-dekorativni-materijali-218104771544433\/","article_modified_time":"2024-09-30T14:21:31+00:00","og_image":[{"width":700,"height":600,"url":"https:\/\/inova-decorativa.net\/wp-content\/uploads\/2021\/11\/img-lustro-silver-base.png","type":"image\/png"}],"twitter_card":"summary_large_image","twitter_misc":{"Est. reading time":"2 minutes"},"schema":{"@context":"https:\/\/schema.org","@graph":[{"@type":"WebPage","@id":"https:\/\/inova-decorativa.net\/lustro\/","url":"https:\/\/inova-decorativa.net\/lustro\/","name":"Dekorativne zidne boje - Lustro - INOVA Decorativa","isPartOf":{"@id":"https:\/\/inova-decorativa.net\/#website"},"primaryImageOfPage":{"@id":"https:\/\/inova-decorativa.net\/lustro\/#primaryimage"},"image":{"@id":"https:\/\/inova-decorativa.net\/lustro\/#primaryimage"},"thumbnailUrl":"https:\/\/inova-decorativa.net\/wp-content\/uploads\/2021\/11\/img-lustro-silver-base.png","datePublished":"2022-05-15T16:49:55+00:00","dateModified":"2024-09-30T14:21:31+00:00","description":"Super-perivost \u201cLustro\u201d dekorativne tehnike garantuje lako odr\u017eavanje uklju\u010duju\u0107i i pranje deterd\u017eentom. Zahvaljuju\u0107i tom svojstvu trajnost ove posebne boje nije ograni\u010dena prljanjem i habanjem.","breadcrumb":{"@id":"https:\/\/inova-decorativa.net\/lustro\/#breadcrumb"},"inLanguage":"en-US","potentialAction":[{"@type":"ReadAction","target":["https:\/\/inova-decorativa.net\/lustro\/"]}]},{"@type":"ImageObject","inLanguage":"en-US","@id":"https:\/\/inova-decorativa.net\/lustro\/#primaryimage","url":"https:\/\/inova-decorativa.net\/wp-content\/uploads\/2021\/11\/img-lustro-silver-base.png","contentUrl":"https:\/\/inova-decorativa.net\/wp-content\/uploads\/2021\/11\/img-lustro-silver-base.png","width":700,"height":600,"caption":"Lustro-silver-base"},{"@type":"BreadcrumbList","@id":"https:\/\/inova-decorativa.net\/lustro\/#breadcrumb","itemListElement":[{"@type":"ListItem","position":1,"name":"Po\u010detna","item":"https:\/\/inova-decorativa.net\/"},{"@type":"ListItem","position":2,"name":"Proizvodi","item":"https:\/\/inova-decorativa.net\/proizvodi\/"},{"@type":"ListItem","position":3,"name":"Lustro"}]},{"@type":"WebSite","@id":"https:\/\/inova-decorativa.net\/#website","url":"https:\/\/inova-decorativa.net\/","name":"INOVA Decorativa - Dekorativini materijali - Boje i lakovi - Dekorativni kamen - Dekorativna cigla","description":"Dekorativini materijali - Boje i lakovi - Dekorativni kamen - Dekorativna cigla","publisher":{"@id":"https:\/\/inova-decorativa.net\/#organization"},"potentialAction":[{"@type":"SearchAction","target":{"@type":"EntryPoint","urlTemplate":"https:\/\/inova-decorativa.net\/?s={search_term_string}"},"query-input":{"@type":"PropertyValueSpecification","valueRequired":true,"valueName":"search_term_string"}}],"inLanguage":"en-US"},{"@type":"Organization","@id":"https:\/\/inova-decorativa.net\/#organization","name":"INOVA Decorativa","url":"https:\/\/inova-decorativa.net\/","logo":{"@type":"ImageObject","inLanguage":"en-US","@id":"https:\/\/inova-decorativa.net\/#\/schema\/logo\/image\/","url":"https:\/\/inova-decorativa.net\/wp-content\/uploads\/2021\/12\/favicon.svg","contentUrl":"https:\/\/inova-decorativa.net\/wp-content\/uploads\/2021\/12\/favicon.svg","width":487,"height":487,"caption":"INOVA Decorativa"},"image":{"@id":"https:\/\/inova-decorativa.net\/#\/schema\/logo\/image\/"},"sameAs":["https:\/\/www.facebook.com\/INOVA-Decorativa-vrhunski-dekorativni-materijali-218104771544433\/","https:\/\/www.instagram.com\/info.inovagroup\/"]}]}},"_links":{"self":[{"href":"https:\/\/inova-decorativa.net\/en\/wp-json\/wp\/v2\/product\/3140","targetHints":{"allow":["GET"]}}],"collection":[{"href":"https:\/\/inova-decorativa.net\/en\/wp-json\/wp\/v2\/product"}],"about":[{"href":"https:\/\/inova-decorativa.net\/en\/wp-json\/wp\/v2\/types\/product"}],"replies":[{"embeddable":true,"href":"https:\/\/inova-decorativa.net\/en\/wp-json\/wp\/v2\/comments?post=3140"}],"version-history":[{"count":1,"href":"https:\/\/inova-decorativa.net\/en\/wp-json\/wp\/v2\/product\/3140\/revisions"}],"predecessor-version":[{"id":6364,"href":"https:\/\/inova-decorativa.net\/en\/wp-json\/wp\/v2\/product\/3140\/revisions\/6364"}],"wp:featuredmedia":[{"embeddable":true,"href":"https:\/\/inova-decorativa.net\/en\/wp-json\/wp\/v2\/media\/1926"}],"wp:attachment":[{"href":"https:\/\/inova-decorativa.net\/en\/wp-json\/wp\/v2\/media?parent=3140"}],"wp:term":[{"taxonomy":"product_brand","embeddable":true,"href":"https:\/\/inova-decorativa.net\/en\/wp-json\/wp\/v2\/product_brand?post=3140"},{"taxonomy":"product_cat","embeddable":true,"href":"https:\/\/inova-decorativa.net\/en\/wp-json\/wp\/v2\/product_cat?post=3140"},{"taxonomy":"product_tag","embeddable":true,"href":"https:\/\/inova-decorativa.net\/en\/wp-json\/wp\/v2\/product_tag?post=3140"}],"curies":[{"name":"wp","href":"https:\/\/api.w.org\/{rel}","templated":true}]}}