{"id":3189,"date":"2022-05-17T16:34:57","date_gmt":"2022-05-17T15:34:57","guid":{"rendered":"https:\/\/inova-decorativa.net\/?post_type=product&#038;p=3189"},"modified":"2024-09-30T18:44:18","modified_gmt":"2024-09-30T17:44:18","slug":"marmorino","status":"publish","type":"product","link":"https:\/\/inova-decorativa.net\/en\/marmorino\/","title":{"rendered":"Marmorino"},"content":{"rendered":"<h4>Application<\/h4>\n<p>Usually by spatula.<br \/>\n<\/p>\n<h4>Dilution<\/h4>\n<p>Ready to be used. It can de diluted with up to 10% of water.<\/p>\n<h4>Consumption<\/h4>\n<p>1 - 1.5 Kg\/m<sup>2<\/sup><\/p>\n<h4>Package<\/h4>\n<p>1.7, 5, 8, 15 and 25 kg.<\/p>","protected":false},"excerpt":{"rendered":"<h3>Acrylic binder based mortar filled with medium size marble particles. Designed to imitate limestone of moderately porous structure.<\/h3>\n<p>Known from the ancient Rome palaces, than through middle ages and renaissance... this variation of \"Stuco\" is one of the oldest decorative technique. In its original it was made of slaked lime.<\/p>","protected":false},"featured_media":1938,"comment_status":"open","ping_status":"closed","template":"","meta":{"inline_featured_image":false,"site-sidebar-layout":"default","site-content-layout":"default","ast-site-content-layout":"default","site-content-style":"default","site-sidebar-style":"default","ast-global-header-display":"","ast-banner-title-visibility":"","ast-main-header-display":"","ast-hfb-above-header-display":"","ast-hfb-below-header-display":"","ast-hfb-mobile-header-display":"","site-post-title":"","ast-breadcrumbs-content":"","ast-featured-img":"","footer-sml-layout":"","ast-disable-related-posts":"","theme-transparent-header-meta":"default","adv-header-id-meta":"","stick-header-meta":"","header-above-stick-meta":"","header-main-stick-meta":"","header-below-stick-meta":"","astra-migrate-meta-layouts":"set","ast-page-background-enabled":"default","ast-page-background-meta":{"desktop":{"background-color":"var(--ast-global-color-4)","background-image":"","background-repeat":"repeat","background-position":"center center","background-size":"auto","background-attachment":"scroll","background-type":"","background-media":"","overlay-type":"","overlay-color":"","overlay-opacity":"","overlay-gradient":""},"tablet":{"background-color":"","background-image":"","background-repeat":"repeat","background-position":"center center","background-size":"auto","background-attachment":"scroll","background-type":"","background-media":"","overlay-type":"","overlay-color":"","overlay-opacity":"","overlay-gradient":""},"mobile":{"background-color":"","background-image":"","background-repeat":"repeat","background-position":"center center","background-size":"auto","background-attachment":"scroll","background-type":"","background-media":"","overlay-type":"","overlay-color":"","overlay-opacity":"","overlay-gradient":""}},"ast-content-background-meta":{"desktop":{"background-color":"var(--ast-global-color-5)","background-image":"","background-repeat":"repeat","background-position":"center center","background-size":"auto","background-attachment":"scroll","background-type":"","background-media":"","overlay-type":"","overlay-color":"","overlay-opacity":"","overlay-gradient":""},"tablet":{"background-color":"var(--ast-global-color-5)","background-image":"","background-repeat":"repeat","background-position":"center center","background-size":"auto","background-attachment":"scroll","background-type":"","background-media":"","overlay-type":"","overlay-color":"","overlay-opacity":"","overlay-gradient":""},"mobile":{"background-color":"var(--ast-global-color-5)","background-image":"","background-repeat":"repeat","background-position":"center center","background-size":"auto","background-attachment":"scroll","background-type":"","background-media":"","overlay-type":"","overlay-color":"","overlay-opacity":"","overlay-gradient":""}}},"product_brand":[],"product_cat":[28],"product_tag":[],"class_list":{"0":"post-3189","1":"product","2":"type-product","3":"status-publish","4":"has-post-thumbnail","6":"product_cat-dekorativni-malteri","7":"desktop-align-left","8":"tablet-align-left","9":"mobile-align-left","11":"first","12":"instock","13":"shipping-taxable","14":"purchasable","15":"product-type-variable"},"yoast_head":"<!-- This site is optimized with the Yoast SEO plugin v27.2 - https:\/\/yoast.com\/product\/yoast-seo-wordpress\/ -->\n<title>Dekorativni malteri - Marmorino - INOVA Decorativa<\/title>\n<meta name=\"description\" content=\"Super-perivost \u201cMarmorino\u201d dekorativnog maltera garantuje lako odr\u017eavanje uklju\u010duju\u0107i i pranje deterd\u017eentom. Zahvaljuju\u0107i tom svojstvu trajnost nije ograni\u010dena prljanjem i habanjem.\" \/>\n<meta name=\"robots\" content=\"index, follow, max-snippet:-1, max-image-preview:large, max-video-preview:-1\" \/>\n<link rel=\"canonical\" href=\"https:\/\/inova-decorativa.net\/en\/marmorino\/\" \/>\n<meta property=\"og:locale\" content=\"en_US\" \/>\n<meta property=\"og:type\" content=\"article\" \/>\n<meta property=\"og:title\" content=\"Dekorativni malteri - Marmorino - INOVA Decorativa\" \/>\n<meta property=\"og:description\" content=\"Super-perivost \u201cMarmorino\u201d dekorativnog maltera garantuje lako odr\u017eavanje uklju\u010duju\u0107i i pranje deterd\u017eentom. Zahvaljuju\u0107i tom svojstvu trajnost nije ograni\u010dena prljanjem i habanjem.\" \/>\n<meta property=\"og:url\" content=\"https:\/\/inova-decorativa.net\/en\/marmorino\/\" \/>\n<meta property=\"og:site_name\" content=\"INOVA Decorativa\" \/>\n<meta property=\"article:publisher\" content=\"https:\/\/www.facebook.com\/INOVA-Decorativa-vrhunski-dekorativni-materijali-218104771544433\/\" \/>\n<meta property=\"article:modified_time\" content=\"2024-09-30T17:44:18+00:00\" \/>\n<meta property=\"og:image\" content=\"https:\/\/inova-decorativa.net\/wp-content\/uploads\/2021\/12\/img-marmorino.png\" \/>\n\t<meta property=\"og:image:width\" content=\"700\" \/>\n\t<meta property=\"og:image:height\" content=\"600\" \/>\n\t<meta property=\"og:image:type\" content=\"image\/png\" \/>\n<meta name=\"twitter:card\" content=\"summary_large_image\" \/>\n<meta name=\"twitter:label1\" content=\"Est. reading time\" \/>\n\t<meta name=\"twitter:data1\" content=\"2 minutes\" \/>\n<script type=\"application\/ld+json\" class=\"yoast-schema-graph\">{\"@context\":\"https:\/\/schema.org\",\"@graph\":[{\"@type\":\"WebPage\",\"@id\":\"https:\/\/inova-decorativa.net\/marmorino\/\",\"url\":\"https:\/\/inova-decorativa.net\/marmorino\/\",\"name\":\"Dekorativni malteri - Marmorino - INOVA Decorativa\",\"isPartOf\":{\"@id\":\"https:\/\/inova-decorativa.net\/#website\"},\"primaryImageOfPage\":{\"@id\":\"https:\/\/inova-decorativa.net\/marmorino\/#primaryimage\"},\"image\":{\"@id\":\"https:\/\/inova-decorativa.net\/marmorino\/#primaryimage\"},\"thumbnailUrl\":\"https:\/\/inova-decorativa.net\/wp-content\/uploads\/2021\/12\/img-marmorino.png\",\"datePublished\":\"2022-05-17T15:34:57+00:00\",\"dateModified\":\"2024-09-30T17:44:18+00:00\",\"description\":\"Super-perivost \u201cMarmorino\u201d dekorativnog maltera garantuje lako odr\u017eavanje uklju\u010duju\u0107i i pranje deterd\u017eentom. Zahvaljuju\u0107i tom svojstvu trajnost nije ograni\u010dena prljanjem i habanjem.\",\"breadcrumb\":{\"@id\":\"https:\/\/inova-decorativa.net\/marmorino\/#breadcrumb\"},\"inLanguage\":\"en-US\",\"potentialAction\":[{\"@type\":\"ReadAction\",\"target\":[\"https:\/\/inova-decorativa.net\/marmorino\/\"]}]},{\"@type\":\"ImageObject\",\"inLanguage\":\"en-US\",\"@id\":\"https:\/\/inova-decorativa.net\/marmorino\/#primaryimage\",\"url\":\"https:\/\/inova-decorativa.net\/wp-content\/uploads\/2021\/12\/img-marmorino.png\",\"contentUrl\":\"https:\/\/inova-decorativa.net\/wp-content\/uploads\/2021\/12\/img-marmorino.png\",\"width\":700,\"height\":600,\"caption\":\"Marmorino\"},{\"@type\":\"BreadcrumbList\",\"@id\":\"https:\/\/inova-decorativa.net\/marmorino\/#breadcrumb\",\"itemListElement\":[{\"@type\":\"ListItem\",\"position\":1,\"name\":\"\u041f\u043e\u0447\u0435\u0442\u043d\u0430\",\"item\":\"https:\/\/inova-decorativa.net\/\"},{\"@type\":\"ListItem\",\"position\":2,\"name\":\"Proizvodi\",\"item\":\"https:\/\/inova-decorativa.net\/proizvodi\/\"},{\"@type\":\"ListItem\",\"position\":3,\"name\":\"Marmorino\"}]},{\"@type\":\"WebSite\",\"@id\":\"https:\/\/inova-decorativa.net\/#website\",\"url\":\"https:\/\/inova-decorativa.net\/\",\"name\":\"INOVA Decorativa - Dekorativini materijali - Boje i lakovi - Dekorativni kamen - Dekorativna cigla\",\"description\":\"Dekorativini materijali - Boje i lakovi - Dekorativni kamen - Dekorativna cigla\",\"publisher\":{\"@id\":\"https:\/\/inova-decorativa.net\/#organization\"},\"potentialAction\":[{\"@type\":\"SearchAction\",\"target\":{\"@type\":\"EntryPoint\",\"urlTemplate\":\"https:\/\/inova-decorativa.net\/?s={search_term_string}\"},\"query-input\":{\"@type\":\"PropertyValueSpecification\",\"valueRequired\":true,\"valueName\":\"search_term_string\"}}],\"inLanguage\":\"en-US\"},{\"@type\":\"Organization\",\"@id\":\"https:\/\/inova-decorativa.net\/#organization\",\"name\":\"INOVA Decorativa\",\"url\":\"https:\/\/inova-decorativa.net\/\",\"logo\":{\"@type\":\"ImageObject\",\"inLanguage\":\"en-US\",\"@id\":\"https:\/\/inova-decorativa.net\/#\/schema\/logo\/image\/\",\"url\":\"https:\/\/inova-decorativa.net\/wp-content\/uploads\/2021\/12\/favicon.svg\",\"contentUrl\":\"https:\/\/inova-decorativa.net\/wp-content\/uploads\/2021\/12\/favicon.svg\",\"width\":487,\"height\":487,\"caption\":\"INOVA Decorativa\"},\"image\":{\"@id\":\"https:\/\/inova-decorativa.net\/#\/schema\/logo\/image\/\"},\"sameAs\":[\"https:\/\/www.facebook.com\/INOVA-Decorativa-vrhunski-dekorativni-materijali-218104771544433\/\",\"https:\/\/www.instagram.com\/info.inovagroup\/\"]}]}<\/script>\n<!-- \/ Yoast SEO plugin. -->","yoast_head_json":{"title":"Dekorativni malteri - Marmorino - INOVA Decorativa","description":"Super-perivost \u201cMarmorino\u201d dekorativnog maltera garantuje lako odr\u017eavanje uklju\u010duju\u0107i i pranje deterd\u017eentom. Zahvaljuju\u0107i tom svojstvu trajnost nije ograni\u010dena prljanjem i habanjem.","robots":{"index":"index","follow":"follow","max-snippet":"max-snippet:-1","max-image-preview":"max-image-preview:large","max-video-preview":"max-video-preview:-1"},"canonical":"https:\/\/inova-decorativa.net\/en\/marmorino\/","og_locale":"en_US","og_type":"article","og_title":"Dekorativni malteri - Marmorino - INOVA Decorativa","og_description":"Super-perivost \u201cMarmorino\u201d dekorativnog maltera garantuje lako odr\u017eavanje uklju\u010duju\u0107i i pranje deterd\u017eentom. Zahvaljuju\u0107i tom svojstvu trajnost nije ograni\u010dena prljanjem i habanjem.","og_url":"https:\/\/inova-decorativa.net\/en\/marmorino\/","og_site_name":"INOVA Decorativa","article_publisher":"https:\/\/www.facebook.com\/INOVA-Decorativa-vrhunski-dekorativni-materijali-218104771544433\/","article_modified_time":"2024-09-30T17:44:18+00:00","og_image":[{"width":700,"height":600,"url":"https:\/\/inova-decorativa.net\/wp-content\/uploads\/2021\/12\/img-marmorino.png","type":"image\/png"}],"twitter_card":"summary_large_image","twitter_misc":{"Est. reading time":"2 minutes"},"schema":{"@context":"https:\/\/schema.org","@graph":[{"@type":"WebPage","@id":"https:\/\/inova-decorativa.net\/marmorino\/","url":"https:\/\/inova-decorativa.net\/marmorino\/","name":"Dekorativni malteri - Marmorino - INOVA Decorativa","isPartOf":{"@id":"https:\/\/inova-decorativa.net\/#website"},"primaryImageOfPage":{"@id":"https:\/\/inova-decorativa.net\/marmorino\/#primaryimage"},"image":{"@id":"https:\/\/inova-decorativa.net\/marmorino\/#primaryimage"},"thumbnailUrl":"https:\/\/inova-decorativa.net\/wp-content\/uploads\/2021\/12\/img-marmorino.png","datePublished":"2022-05-17T15:34:57+00:00","dateModified":"2024-09-30T17:44:18+00:00","description":"Super-perivost \u201cMarmorino\u201d dekorativnog maltera garantuje lako odr\u017eavanje uklju\u010duju\u0107i i pranje deterd\u017eentom. Zahvaljuju\u0107i tom svojstvu trajnost nije ograni\u010dena prljanjem i habanjem.","breadcrumb":{"@id":"https:\/\/inova-decorativa.net\/marmorino\/#breadcrumb"},"inLanguage":"en-US","potentialAction":[{"@type":"ReadAction","target":["https:\/\/inova-decorativa.net\/marmorino\/"]}]},{"@type":"ImageObject","inLanguage":"en-US","@id":"https:\/\/inova-decorativa.net\/marmorino\/#primaryimage","url":"https:\/\/inova-decorativa.net\/wp-content\/uploads\/2021\/12\/img-marmorino.png","contentUrl":"https:\/\/inova-decorativa.net\/wp-content\/uploads\/2021\/12\/img-marmorino.png","width":700,"height":600,"caption":"Marmorino"},{"@type":"BreadcrumbList","@id":"https:\/\/inova-decorativa.net\/marmorino\/#breadcrumb","itemListElement":[{"@type":"ListItem","position":1,"name":"Po\u010detna","item":"https:\/\/inova-decorativa.net\/"},{"@type":"ListItem","position":2,"name":"Proizvodi","item":"https:\/\/inova-decorativa.net\/proizvodi\/"},{"@type":"ListItem","position":3,"name":"Marmorino"}]},{"@type":"WebSite","@id":"https:\/\/inova-decorativa.net\/#website","url":"https:\/\/inova-decorativa.net\/","name":"INOVA Decorativa - Dekorativini materijali - Boje i lakovi - Dekorativni kamen - Dekorativna cigla","description":"Dekorativini materijali - Boje i lakovi - Dekorativni kamen - Dekorativna cigla","publisher":{"@id":"https:\/\/inova-decorativa.net\/#organization"},"potentialAction":[{"@type":"SearchAction","target":{"@type":"EntryPoint","urlTemplate":"https:\/\/inova-decorativa.net\/?s={search_term_string}"},"query-input":{"@type":"PropertyValueSpecification","valueRequired":true,"valueName":"search_term_string"}}],"inLanguage":"en-US"},{"@type":"Organization","@id":"https:\/\/inova-decorativa.net\/#organization","name":"INOVA Decorativa","url":"https:\/\/inova-decorativa.net\/","logo":{"@type":"ImageObject","inLanguage":"en-US","@id":"https:\/\/inova-decorativa.net\/#\/schema\/logo\/image\/","url":"https:\/\/inova-decorativa.net\/wp-content\/uploads\/2021\/12\/favicon.svg","contentUrl":"https:\/\/inova-decorativa.net\/wp-content\/uploads\/2021\/12\/favicon.svg","width":487,"height":487,"caption":"INOVA Decorativa"},"image":{"@id":"https:\/\/inova-decorativa.net\/#\/schema\/logo\/image\/"},"sameAs":["https:\/\/www.facebook.com\/INOVA-Decorativa-vrhunski-dekorativni-materijali-218104771544433\/","https:\/\/www.instagram.com\/info.inovagroup\/"]}]}},"_links":{"self":[{"href":"https:\/\/inova-decorativa.net\/en\/wp-json\/wp\/v2\/product\/3189","targetHints":{"allow":["GET"]}}],"collection":[{"href":"https:\/\/inova-decorativa.net\/en\/wp-json\/wp\/v2\/product"}],"about":[{"href":"https:\/\/inova-decorativa.net\/en\/wp-json\/wp\/v2\/types\/product"}],"replies":[{"embeddable":true,"href":"https:\/\/inova-decorativa.net\/en\/wp-json\/wp\/v2\/comments?post=3189"}],"version-history":[{"count":1,"href":"https:\/\/inova-decorativa.net\/en\/wp-json\/wp\/v2\/product\/3189\/revisions"}],"predecessor-version":[{"id":6367,"href":"https:\/\/inova-decorativa.net\/en\/wp-json\/wp\/v2\/product\/3189\/revisions\/6367"}],"wp:featuredmedia":[{"embeddable":true,"href":"https:\/\/inova-decorativa.net\/en\/wp-json\/wp\/v2\/media\/1938"}],"wp:attachment":[{"href":"https:\/\/inova-decorativa.net\/en\/wp-json\/wp\/v2\/media?parent=3189"}],"wp:term":[{"taxonomy":"product_brand","embeddable":true,"href":"https:\/\/inova-decorativa.net\/en\/wp-json\/wp\/v2\/product_brand?post=3189"},{"taxonomy":"product_cat","embeddable":true,"href":"https:\/\/inova-decorativa.net\/en\/wp-json\/wp\/v2\/product_cat?post=3189"},{"taxonomy":"product_tag","embeddable":true,"href":"https:\/\/inova-decorativa.net\/en\/wp-json\/wp\/v2\/product_tag?post=3189"}],"curies":[{"name":"wp","href":"https:\/\/api.w.org\/{rel}","templated":true}]}}