{"id":3429,"date":"2022-05-27T15:33:29","date_gmt":"2022-05-27T14:33:29","guid":{"rendered":"https:\/\/inova-decorativa.net\/?post_type=product&#038;p=3429"},"modified":"2025-01-16T10:44:34","modified_gmt":"2025-01-16T09:44:34","slug":"fasadna-cigla-nemacka","status":"publish","type":"product","link":"https:\/\/inova-decorativa.net\/en\/fasadna-cigla-nemacka\/","title":{"rendered":"German Brick"},"content":{"rendered":"<h4>Package<\/h4>\n<p>Solid and sturdy cardboard boxes, each contains 1.5 square meters of brick tiles.<\/p>\n<h4>Lifetime<\/h4>\n<p>Unlimited.<\/p>","protected":false},"excerpt":{"rendered":"<p>Brick tiles are produced in special molds, made of natural mineral raw materials.<\/p>\n<p>Fasadna cigla nema\u010dka nije industrijski proizvod, izra\u0111uje se ru\u010dno, u skladu sa najboljim tradicijama manufakturne proizvodnje finog zanatstva. Njen izgled u potpunosti zavisi od znanja, iskustva, smisla za estetiku i trenutnog nadahnu\u0107a zanatlije koji je proizvodi.<\/p>\n<p>Standard colors are: yellow, orange, cream and grey, each in few different variations. All other colors in accordance with customer request.<\/p>\n<p><strong>NOTICE:<\/strong> all shown photos are designed to display real texture and color of our products. However, keep on mind that they are just informative. Real color may vary depending on light condition, your monitor calibration etc.<\/p>","protected":false},"featured_media":2010,"comment_status":"closed","ping_status":"closed","template":"","meta":{"inline_featured_image":false,"site-sidebar-layout":"default","site-content-layout":"default","ast-site-content-layout":"default","site-content-style":"default","site-sidebar-style":"default","ast-global-header-display":"","ast-banner-title-visibility":"","ast-main-header-display":"","ast-hfb-above-header-display":"","ast-hfb-below-header-display":"","ast-hfb-mobile-header-display":"","site-post-title":"","ast-breadcrumbs-content":"","ast-featured-img":"","footer-sml-layout":"","ast-disable-related-posts":"","theme-transparent-header-meta":"default","adv-header-id-meta":"","stick-header-meta":"","header-above-stick-meta":"","header-main-stick-meta":"","header-below-stick-meta":"","astra-migrate-meta-layouts":"set","ast-page-background-enabled":"default","ast-page-background-meta":{"desktop":{"background-color":"var(--ast-global-color-4)","background-image":"","background-repeat":"repeat","background-position":"center center","background-size":"auto","background-attachment":"scroll","background-type":"","background-media":"","overlay-type":"","overlay-color":"","overlay-opacity":"","overlay-gradient":""},"tablet":{"background-color":"","background-image":"","background-repeat":"repeat","background-position":"center center","background-size":"auto","background-attachment":"scroll","background-type":"","background-media":"","overlay-type":"","overlay-color":"","overlay-opacity":"","overlay-gradient":""},"mobile":{"background-color":"","background-image":"","background-repeat":"repeat","background-position":"center center","background-size":"auto","background-attachment":"scroll","background-type":"","background-media":"","overlay-type":"","overlay-color":"","overlay-opacity":"","overlay-gradient":""}},"ast-content-background-meta":{"desktop":{"background-color":"var(--ast-global-color-5)","background-image":"","background-repeat":"repeat","background-position":"center center","background-size":"auto","background-attachment":"scroll","background-type":"","background-media":"","overlay-type":"","overlay-color":"","overlay-opacity":"","overlay-gradient":""},"tablet":{"background-color":"var(--ast-global-color-5)","background-image":"","background-repeat":"repeat","background-position":"center center","background-size":"auto","background-attachment":"scroll","background-type":"","background-media":"","overlay-type":"","overlay-color":"","overlay-opacity":"","overlay-gradient":""},"mobile":{"background-color":"var(--ast-global-color-5)","background-image":"","background-repeat":"repeat","background-position":"center center","background-size":"auto","background-attachment":"scroll","background-type":"","background-media":"","overlay-type":"","overlay-color":"","overlay-opacity":"","overlay-gradient":""}}},"product_brand":[],"product_cat":[54],"product_tag":[],"class_list":{"0":"post-3429","1":"product","2":"type-product","3":"status-publish","4":"has-post-thumbnail","6":"product_cat-dekorativna-cigla","7":"desktop-align-left","8":"tablet-align-left","9":"mobile-align-left","11":"first","12":"instock","13":"shipping-taxable","14":"purchasable","15":"product-type-simple"},"yoast_head":"<!-- This site is optimized with the Yoast SEO plugin v27.2 - https:\/\/yoast.com\/product\/yoast-seo-wordpress\/ -->\n<title>Dekorativna cigla - Fasadna cigla nema\u010dka - INOVA Decorativa<\/title>\n<meta name=\"description\" content=\"Fasadna cigla nema\u010dka je u posebnim kalupima oblikovana smesa mlevenog prirodnog punioca i tako\u0111e prirodnog, tj. mineralnog veziva, koje je nastalo mlevenjem i pe\u010denjem posebnih vrsta kamena. Dekorativna cigla je 100% prirodni proizvod.\" \/>\n<meta name=\"robots\" content=\"index, follow, max-snippet:-1, max-image-preview:large, max-video-preview:-1\" \/>\n<link rel=\"canonical\" href=\"https:\/\/inova-decorativa.net\/en\/fasadna-cigla-nemacka\/\" \/>\n<meta property=\"og:locale\" content=\"en_US\" \/>\n<meta property=\"og:type\" content=\"article\" \/>\n<meta property=\"og:title\" content=\"Dekorativna cigla - Fasadna cigla nema\u010dka - INOVA Decorativa\" \/>\n<meta property=\"og:description\" content=\"Fasadna cigla nema\u010dka je u posebnim kalupima oblikovana smesa mlevenog prirodnog punioca i tako\u0111e prirodnog, tj. mineralnog veziva, koje je nastalo mlevenjem i pe\u010denjem posebnih vrsta kamena. Dekorativna cigla je 100% prirodni proizvod.\" \/>\n<meta property=\"og:url\" content=\"https:\/\/inova-decorativa.net\/en\/fasadna-cigla-nemacka\/\" \/>\n<meta property=\"og:site_name\" content=\"INOVA Decorativa\" \/>\n<meta property=\"article:publisher\" content=\"https:\/\/www.facebook.com\/INOVA-Decorativa-vrhunski-dekorativni-materijali-218104771544433\/\" \/>\n<meta property=\"article:modified_time\" content=\"2025-01-16T09:44:34+00:00\" \/>\n<meta property=\"og:image\" content=\"https:\/\/inova-decorativa.net\/wp-content\/uploads\/2021\/12\/img-cigla-nemacka.png\" \/>\n\t<meta property=\"og:image:width\" content=\"700\" \/>\n\t<meta property=\"og:image:height\" content=\"600\" \/>\n\t<meta property=\"og:image:type\" content=\"image\/png\" \/>\n<meta name=\"twitter:card\" content=\"summary_large_image\" \/>\n<meta name=\"twitter:label1\" content=\"Est. reading time\" \/>\n\t<meta name=\"twitter:data1\" content=\"1 minute\" \/>\n<script type=\"application\/ld+json\" class=\"yoast-schema-graph\">{\"@context\":\"https:\/\/schema.org\",\"@graph\":[{\"@type\":\"WebPage\",\"@id\":\"https:\/\/inova-decorativa.net\/fasadna-cigla-nemacka\/\",\"url\":\"https:\/\/inova-decorativa.net\/fasadna-cigla-nemacka\/\",\"name\":\"Dekorativna cigla - Fasadna cigla nema\u010dka - INOVA Decorativa\",\"isPartOf\":{\"@id\":\"https:\/\/inova-decorativa.net\/#website\"},\"primaryImageOfPage\":{\"@id\":\"https:\/\/inova-decorativa.net\/fasadna-cigla-nemacka\/#primaryimage\"},\"image\":{\"@id\":\"https:\/\/inova-decorativa.net\/fasadna-cigla-nemacka\/#primaryimage\"},\"thumbnailUrl\":\"https:\/\/inova-decorativa.net\/wp-content\/uploads\/2021\/12\/img-cigla-nemacka.png\",\"datePublished\":\"2022-05-27T14:33:29+00:00\",\"dateModified\":\"2025-01-16T09:44:34+00:00\",\"description\":\"Fasadna cigla nema\u010dka je u posebnim kalupima oblikovana smesa mlevenog prirodnog punioca i tako\u0111e prirodnog, tj. mineralnog veziva, koje je nastalo mlevenjem i pe\u010denjem posebnih vrsta kamena. Dekorativna cigla je 100% prirodni proizvod.\",\"breadcrumb\":{\"@id\":\"https:\/\/inova-decorativa.net\/fasadna-cigla-nemacka\/#breadcrumb\"},\"inLanguage\":\"en-US\",\"potentialAction\":[{\"@type\":\"ReadAction\",\"target\":[\"https:\/\/inova-decorativa.net\/fasadna-cigla-nemacka\/\"]}]},{\"@type\":\"ImageObject\",\"inLanguage\":\"en-US\",\"@id\":\"https:\/\/inova-decorativa.net\/fasadna-cigla-nemacka\/#primaryimage\",\"url\":\"https:\/\/inova-decorativa.net\/wp-content\/uploads\/2021\/12\/img-cigla-nemacka.png\",\"contentUrl\":\"https:\/\/inova-decorativa.net\/wp-content\/uploads\/2021\/12\/img-cigla-nemacka.png\",\"width\":700,\"height\":600},{\"@type\":\"BreadcrumbList\",\"@id\":\"https:\/\/inova-decorativa.net\/fasadna-cigla-nemacka\/#breadcrumb\",\"itemListElement\":[{\"@type\":\"ListItem\",\"position\":1,\"name\":\"\u041f\u043e\u0447\u0435\u0442\u043d\u0430\",\"item\":\"https:\/\/inova-decorativa.net\/\"},{\"@type\":\"ListItem\",\"position\":2,\"name\":\"Proizvodi\",\"item\":\"https:\/\/inova-decorativa.net\/proizvodi\/\"},{\"@type\":\"ListItem\",\"position\":3,\"name\":\"Fasadna cigla nema\u010dka\"}]},{\"@type\":\"WebSite\",\"@id\":\"https:\/\/inova-decorativa.net\/#website\",\"url\":\"https:\/\/inova-decorativa.net\/\",\"name\":\"INOVA Decorativa - Dekorativini materijali - Boje i lakovi - Dekorativni kamen - Dekorativna cigla\",\"description\":\"Dekorativini materijali - Boje i lakovi - Dekorativni kamen - Dekorativna cigla\",\"publisher\":{\"@id\":\"https:\/\/inova-decorativa.net\/#organization\"},\"potentialAction\":[{\"@type\":\"SearchAction\",\"target\":{\"@type\":\"EntryPoint\",\"urlTemplate\":\"https:\/\/inova-decorativa.net\/?s={search_term_string}\"},\"query-input\":{\"@type\":\"PropertyValueSpecification\",\"valueRequired\":true,\"valueName\":\"search_term_string\"}}],\"inLanguage\":\"en-US\"},{\"@type\":\"Organization\",\"@id\":\"https:\/\/inova-decorativa.net\/#organization\",\"name\":\"INOVA Decorativa\",\"url\":\"https:\/\/inova-decorativa.net\/\",\"logo\":{\"@type\":\"ImageObject\",\"inLanguage\":\"en-US\",\"@id\":\"https:\/\/inova-decorativa.net\/#\/schema\/logo\/image\/\",\"url\":\"https:\/\/inova-decorativa.net\/wp-content\/uploads\/2021\/12\/favicon.svg\",\"contentUrl\":\"https:\/\/inova-decorativa.net\/wp-content\/uploads\/2021\/12\/favicon.svg\",\"width\":487,\"height\":487,\"caption\":\"INOVA Decorativa\"},\"image\":{\"@id\":\"https:\/\/inova-decorativa.net\/#\/schema\/logo\/image\/\"},\"sameAs\":[\"https:\/\/www.facebook.com\/INOVA-Decorativa-vrhunski-dekorativni-materijali-218104771544433\/\",\"https:\/\/www.instagram.com\/info.inovagroup\/\"]}]}<\/script>\n<!-- \/ Yoast SEO plugin. -->","yoast_head_json":{"title":"Dekorativna cigla - Fasadna cigla nema\u010dka - INOVA Decorativa","description":"Fasadna cigla nema\u010dka je u posebnim kalupima oblikovana smesa mlevenog prirodnog punioca i tako\u0111e prirodnog, tj. mineralnog veziva, koje je nastalo mlevenjem i pe\u010denjem posebnih vrsta kamena. Dekorativna cigla je 100% prirodni proizvod.","robots":{"index":"index","follow":"follow","max-snippet":"max-snippet:-1","max-image-preview":"max-image-preview:large","max-video-preview":"max-video-preview:-1"},"canonical":"https:\/\/inova-decorativa.net\/en\/fasadna-cigla-nemacka\/","og_locale":"en_US","og_type":"article","og_title":"Dekorativna cigla - Fasadna cigla nema\u010dka - INOVA Decorativa","og_description":"Fasadna cigla nema\u010dka je u posebnim kalupima oblikovana smesa mlevenog prirodnog punioca i tako\u0111e prirodnog, tj. mineralnog veziva, koje je nastalo mlevenjem i pe\u010denjem posebnih vrsta kamena. Dekorativna cigla je 100% prirodni proizvod.","og_url":"https:\/\/inova-decorativa.net\/en\/fasadna-cigla-nemacka\/","og_site_name":"INOVA Decorativa","article_publisher":"https:\/\/www.facebook.com\/INOVA-Decorativa-vrhunski-dekorativni-materijali-218104771544433\/","article_modified_time":"2025-01-16T09:44:34+00:00","og_image":[{"width":700,"height":600,"url":"https:\/\/inova-decorativa.net\/wp-content\/uploads\/2021\/12\/img-cigla-nemacka.png","type":"image\/png"}],"twitter_card":"summary_large_image","twitter_misc":{"Est. reading time":"1 minute"},"schema":{"@context":"https:\/\/schema.org","@graph":[{"@type":"WebPage","@id":"https:\/\/inova-decorativa.net\/fasadna-cigla-nemacka\/","url":"https:\/\/inova-decorativa.net\/fasadna-cigla-nemacka\/","name":"Dekorativna cigla - Fasadna cigla nema\u010dka - INOVA Decorativa","isPartOf":{"@id":"https:\/\/inova-decorativa.net\/#website"},"primaryImageOfPage":{"@id":"https:\/\/inova-decorativa.net\/fasadna-cigla-nemacka\/#primaryimage"},"image":{"@id":"https:\/\/inova-decorativa.net\/fasadna-cigla-nemacka\/#primaryimage"},"thumbnailUrl":"https:\/\/inova-decorativa.net\/wp-content\/uploads\/2021\/12\/img-cigla-nemacka.png","datePublished":"2022-05-27T14:33:29+00:00","dateModified":"2025-01-16T09:44:34+00:00","description":"Fasadna cigla nema\u010dka je u posebnim kalupima oblikovana smesa mlevenog prirodnog punioca i tako\u0111e prirodnog, tj. mineralnog veziva, koje je nastalo mlevenjem i pe\u010denjem posebnih vrsta kamena. Dekorativna cigla je 100% prirodni proizvod.","breadcrumb":{"@id":"https:\/\/inova-decorativa.net\/fasadna-cigla-nemacka\/#breadcrumb"},"inLanguage":"en-US","potentialAction":[{"@type":"ReadAction","target":["https:\/\/inova-decorativa.net\/fasadna-cigla-nemacka\/"]}]},{"@type":"ImageObject","inLanguage":"en-US","@id":"https:\/\/inova-decorativa.net\/fasadna-cigla-nemacka\/#primaryimage","url":"https:\/\/inova-decorativa.net\/wp-content\/uploads\/2021\/12\/img-cigla-nemacka.png","contentUrl":"https:\/\/inova-decorativa.net\/wp-content\/uploads\/2021\/12\/img-cigla-nemacka.png","width":700,"height":600},{"@type":"BreadcrumbList","@id":"https:\/\/inova-decorativa.net\/fasadna-cigla-nemacka\/#breadcrumb","itemListElement":[{"@type":"ListItem","position":1,"name":"Po\u010detna","item":"https:\/\/inova-decorativa.net\/"},{"@type":"ListItem","position":2,"name":"Proizvodi","item":"https:\/\/inova-decorativa.net\/proizvodi\/"},{"@type":"ListItem","position":3,"name":"Fasadna cigla nema\u010dka"}]},{"@type":"WebSite","@id":"https:\/\/inova-decorativa.net\/#website","url":"https:\/\/inova-decorativa.net\/","name":"INOVA Decorativa - Dekorativini materijali - Boje i lakovi - Dekorativni kamen - Dekorativna cigla","description":"Dekorativini materijali - Boje i lakovi - Dekorativni kamen - Dekorativna cigla","publisher":{"@id":"https:\/\/inova-decorativa.net\/#organization"},"potentialAction":[{"@type":"SearchAction","target":{"@type":"EntryPoint","urlTemplate":"https:\/\/inova-decorativa.net\/?s={search_term_string}"},"query-input":{"@type":"PropertyValueSpecification","valueRequired":true,"valueName":"search_term_string"}}],"inLanguage":"en-US"},{"@type":"Organization","@id":"https:\/\/inova-decorativa.net\/#organization","name":"INOVA Decorativa","url":"https:\/\/inova-decorativa.net\/","logo":{"@type":"ImageObject","inLanguage":"en-US","@id":"https:\/\/inova-decorativa.net\/#\/schema\/logo\/image\/","url":"https:\/\/inova-decorativa.net\/wp-content\/uploads\/2021\/12\/favicon.svg","contentUrl":"https:\/\/inova-decorativa.net\/wp-content\/uploads\/2021\/12\/favicon.svg","width":487,"height":487,"caption":"INOVA Decorativa"},"image":{"@id":"https:\/\/inova-decorativa.net\/#\/schema\/logo\/image\/"},"sameAs":["https:\/\/www.facebook.com\/INOVA-Decorativa-vrhunski-dekorativni-materijali-218104771544433\/","https:\/\/www.instagram.com\/info.inovagroup\/"]}]}},"_links":{"self":[{"href":"https:\/\/inova-decorativa.net\/en\/wp-json\/wp\/v2\/product\/3429","targetHints":{"allow":["GET"]}}],"collection":[{"href":"https:\/\/inova-decorativa.net\/en\/wp-json\/wp\/v2\/product"}],"about":[{"href":"https:\/\/inova-decorativa.net\/en\/wp-json\/wp\/v2\/types\/product"}],"replies":[{"embeddable":true,"href":"https:\/\/inova-decorativa.net\/en\/wp-json\/wp\/v2\/comments?post=3429"}],"version-history":[{"count":3,"href":"https:\/\/inova-decorativa.net\/en\/wp-json\/wp\/v2\/product\/3429\/revisions"}],"predecessor-version":[{"id":6337,"href":"https:\/\/inova-decorativa.net\/en\/wp-json\/wp\/v2\/product\/3429\/revisions\/6337"}],"wp:featuredmedia":[{"embeddable":true,"href":"https:\/\/inova-decorativa.net\/en\/wp-json\/wp\/v2\/media\/2010"}],"wp:attachment":[{"href":"https:\/\/inova-decorativa.net\/en\/wp-json\/wp\/v2\/media?parent=3429"}],"wp:term":[{"taxonomy":"product_brand","embeddable":true,"href":"https:\/\/inova-decorativa.net\/en\/wp-json\/wp\/v2\/product_brand?post=3429"},{"taxonomy":"product_cat","embeddable":true,"href":"https:\/\/inova-decorativa.net\/en\/wp-json\/wp\/v2\/product_cat?post=3429"},{"taxonomy":"product_tag","embeddable":true,"href":"https:\/\/inova-decorativa.net\/en\/wp-json\/wp\/v2\/product_tag?post=3429"}],"curies":[{"name":"wp","href":"https:\/\/api.w.org\/{rel}","templated":true}]}}