{"id":6549,"date":"2024-10-25T17:20:58","date_gmt":"2024-10-25T16:20:58","guid":{"rendered":"https:\/\/inova-decorativa.net\/?post_type=product&#038;p=6549"},"modified":"2024-11-03T14:24:56","modified_gmt":"2024-11-03T13:24:56","slug":"hidrofob","status":"publish","type":"product","link":"https:\/\/inova-decorativa.net\/en\/hidrofob\/","title":{"rendered":"Hidrofob"},"content":{"rendered":"<h4>Application<\/h4>\n<p>Uobi\u010dajeno: \u010detkom, valjkom ili vazdu\u0161nom prskalicom<br \/>\n<\/p>\n<h4>Dilution<\/h4>\n<p>Na 1 litar proizvoda dodaje se 3 litra vode.<\/p>\n<h4>Consumption<\/h4>\n<p>1Litar ( razre\u0111enog proizvoda ) za 4-5m<sup>2<\/sup><\/p>\n<h4>Package<\/h4>\n<p>1, 3, 5, 10 and 18 Liter<\/p>\n<h4>Lifetime<\/h4>\n<p>2 years<\/p>","protected":false},"excerpt":{"rendered":"<p><strong>Potpuna i trajna vodoodbojnost<\/strong><\/p>\n<p>Namenjen je potpunoj za\u0161titi cigle, betona, kamena i drugih materijala u smislu svojstva vodoodbojnosti koje se, nakon jednog tretiranja, zadr\u017eava vi\u0161e decenija!<\/p>\n<p>JEDINSTVEN NA TR\u017dI\u0160TU po tome \u0161to se u prodaji nalazi koncentrovan, tako da se, pre upotrebe, jedan litar proizvoda me\u0161a sa jo\u0161 tri litra vode.<\/p>\n<p>Ovim proizvodom smo se trudili da na tr\u017ei\u0161te donesemo ubedljivo najbolji odnos dobijenog kvaliteta za iskazanu cenu.<\/p>","protected":false},"featured_media":6556,"comment_status":"open","ping_status":"closed","template":"","meta":{"inline_featured_image":false,"site-sidebar-layout":"default","site-content-layout":"default","ast-site-content-layout":"default","site-content-style":"default","site-sidebar-style":"default","ast-global-header-display":"","ast-banner-title-visibility":"","ast-main-header-display":"","ast-hfb-above-header-display":"","ast-hfb-below-header-display":"","ast-hfb-mobile-header-display":"","site-post-title":"","ast-breadcrumbs-content":"","ast-featured-img":"","footer-sml-layout":"","ast-disable-related-posts":"","theme-transparent-header-meta":"default","adv-header-id-meta":"","stick-header-meta":"","header-above-stick-meta":"","header-main-stick-meta":"","header-below-stick-meta":"","astra-migrate-meta-layouts":"set","ast-page-background-enabled":"default","ast-page-background-meta":{"desktop":{"background-color":"var(--ast-global-color-4)","background-image":"","background-repeat":"repeat","background-position":"center center","background-size":"auto","background-attachment":"scroll","background-type":"","background-media":"","overlay-type":"","overlay-color":"","overlay-opacity":"","overlay-gradient":""},"tablet":{"background-color":"","background-image":"","background-repeat":"repeat","background-position":"center center","background-size":"auto","background-attachment":"scroll","background-type":"","background-media":"","overlay-type":"","overlay-color":"","overlay-opacity":"","overlay-gradient":""},"mobile":{"background-color":"","background-image":"","background-repeat":"repeat","background-position":"center center","background-size":"auto","background-attachment":"scroll","background-type":"","background-media":"","overlay-type":"","overlay-color":"","overlay-opacity":"","overlay-gradient":""}},"ast-content-background-meta":{"desktop":{"background-color":"var(--ast-global-color-5)","background-image":"","background-repeat":"repeat","background-position":"center center","background-size":"auto","background-attachment":"scroll","background-type":"","background-media":"","overlay-type":"","overlay-color":"","overlay-opacity":"","overlay-gradient":""},"tablet":{"background-color":"var(--ast-global-color-5)","background-image":"","background-repeat":"repeat","background-position":"center center","background-size":"auto","background-attachment":"scroll","background-type":"","background-media":"","overlay-type":"","overlay-color":"","overlay-opacity":"","overlay-gradient":""},"mobile":{"background-color":"var(--ast-global-color-5)","background-image":"","background-repeat":"repeat","background-position":"center center","background-size":"auto","background-attachment":"scroll","background-type":"","background-media":"","overlay-type":"","overlay-color":"","overlay-opacity":"","overlay-gradient":""}}},"product_brand":[],"product_cat":[33],"product_tag":[],"class_list":{"0":"post-6549","1":"product","2":"type-product","3":"status-publish","4":"has-post-thumbnail","6":"product_cat-boje-i-lakovi","7":"desktop-align-left","8":"tablet-align-left","9":"mobile-align-left","11":"first","12":"instock","13":"shipping-taxable","14":"purchasable","15":"product-type-variable"},"yoast_head":"<!-- This site is optimized with the Yoast SEO plugin v27.2 - https:\/\/yoast.com\/product\/yoast-seo-wordpress\/ -->\n<title>Boje i lakovi - Hidrofob - INOVA Decorativa<\/title>\n<meta name=\"description\" content=\"Potpuna i trajna vodoodbojnost, Potpuna za\u0161tita cigle, betona, kamena i drugih materijala u smislu svojstva vodoodbojnosti koje se, nakon jednog tretiranja, zadr\u017eava vi\u0161e decenija! JEDINSTVEN NA TR\u017dI\u0160TU po tome \u0161to se u prodaji nalazi koncentrovan, tako da se, pre upotrebe, jedan litar proizvoda me\u0161a sa jo\u0161 tri litra vode.\" \/>\n<meta name=\"robots\" content=\"index, follow, max-snippet:-1, max-image-preview:large, max-video-preview:-1\" \/>\n<link rel=\"canonical\" href=\"https:\/\/inova-decorativa.net\/en\/hidrofob\/\" \/>\n<meta property=\"og:locale\" content=\"en_US\" \/>\n<meta property=\"og:type\" content=\"article\" \/>\n<meta property=\"og:title\" content=\"Boje i lakovi - Hidrofob - INOVA Decorativa\" \/>\n<meta property=\"og:description\" content=\"Potpuna i trajna vodoodbojnost, Potpuna za\u0161tita cigle, betona, kamena i drugih materijala u smislu svojstva vodoodbojnosti koje se, nakon jednog tretiranja, zadr\u017eava vi\u0161e decenija! JEDINSTVEN NA TR\u017dI\u0160TU po tome \u0161to se u prodaji nalazi koncentrovan, tako da se, pre upotrebe, jedan litar proizvoda me\u0161a sa jo\u0161 tri litra vode.\" \/>\n<meta property=\"og:url\" content=\"https:\/\/inova-decorativa.net\/en\/hidrofob\/\" \/>\n<meta property=\"og:site_name\" content=\"INOVA Decorativa\" \/>\n<meta property=\"article:publisher\" content=\"https:\/\/www.facebook.com\/INOVA-Decorativa-vrhunski-dekorativni-materijali-218104771544433\/\" \/>\n<meta property=\"article:modified_time\" content=\"2024-11-03T13:24:56+00:00\" \/>\n<meta property=\"og:image\" content=\"https:\/\/inova-decorativa.net\/wp-content\/uploads\/2024\/10\/img-hidrofob.webp\" \/>\n\t<meta property=\"og:image:width\" content=\"700\" \/>\n\t<meta property=\"og:image:height\" content=\"600\" \/>\n\t<meta property=\"og:image:type\" content=\"image\/webp\" \/>\n<meta name=\"twitter:card\" content=\"summary_large_image\" \/>\n<meta name=\"twitter:label1\" content=\"Est. reading time\" \/>\n\t<meta name=\"twitter:data1\" content=\"1 minute\" \/>\n<script type=\"application\/ld+json\" class=\"yoast-schema-graph\">{\"@context\":\"https:\/\/schema.org\",\"@graph\":[{\"@type\":\"WebPage\",\"@id\":\"https:\/\/inova-decorativa.net\/hidrofob\/\",\"url\":\"https:\/\/inova-decorativa.net\/hidrofob\/\",\"name\":\"Boje i lakovi - Hidrofob - INOVA Decorativa\",\"isPartOf\":{\"@id\":\"https:\/\/inova-decorativa.net\/#website\"},\"primaryImageOfPage\":{\"@id\":\"https:\/\/inova-decorativa.net\/hidrofob\/#primaryimage\"},\"image\":{\"@id\":\"https:\/\/inova-decorativa.net\/hidrofob\/#primaryimage\"},\"thumbnailUrl\":\"https:\/\/inova-decorativa.net\/wp-content\/uploads\/2024\/10\/img-hidrofob.webp\",\"datePublished\":\"2024-10-25T16:20:58+00:00\",\"dateModified\":\"2024-11-03T13:24:56+00:00\",\"description\":\"Potpuna i trajna vodoodbojnost, Potpuna za\u0161tita cigle, betona, kamena i drugih materijala u smislu svojstva vodoodbojnosti koje se, nakon jednog tretiranja, zadr\u017eava vi\u0161e decenija! JEDINSTVEN NA TR\u017dI\u0160TU po tome \u0161to se u prodaji nalazi koncentrovan, tako da se, pre upotrebe, jedan litar proizvoda me\u0161a sa jo\u0161 tri litra vode.\",\"breadcrumb\":{\"@id\":\"https:\/\/inova-decorativa.net\/hidrofob\/#breadcrumb\"},\"inLanguage\":\"en-US\",\"potentialAction\":[{\"@type\":\"ReadAction\",\"target\":[\"https:\/\/inova-decorativa.net\/hidrofob\/\"]}]},{\"@type\":\"ImageObject\",\"inLanguage\":\"en-US\",\"@id\":\"https:\/\/inova-decorativa.net\/hidrofob\/#primaryimage\",\"url\":\"https:\/\/inova-decorativa.net\/wp-content\/uploads\/2024\/10\/img-hidrofob.webp\",\"contentUrl\":\"https:\/\/inova-decorativa.net\/wp-content\/uploads\/2024\/10\/img-hidrofob.webp\",\"width\":700,\"height\":600},{\"@type\":\"BreadcrumbList\",\"@id\":\"https:\/\/inova-decorativa.net\/hidrofob\/#breadcrumb\",\"itemListElement\":[{\"@type\":\"ListItem\",\"position\":1,\"name\":\"\u041f\u043e\u0447\u0435\u0442\u043d\u0430\",\"item\":\"https:\/\/inova-decorativa.net\/\"},{\"@type\":\"ListItem\",\"position\":2,\"name\":\"Proizvodi\",\"item\":\"https:\/\/inova-decorativa.net\/proizvodi\/\"},{\"@type\":\"ListItem\",\"position\":3,\"name\":\"Hidrofob\"}]},{\"@type\":\"WebSite\",\"@id\":\"https:\/\/inova-decorativa.net\/#website\",\"url\":\"https:\/\/inova-decorativa.net\/\",\"name\":\"INOVA Decorativa - Dekorativini materijali - Boje i lakovi - Dekorativni kamen - Dekorativna cigla\",\"description\":\"Dekorativini materijali - Boje i lakovi - Dekorativni kamen - Dekorativna cigla\",\"publisher\":{\"@id\":\"https:\/\/inova-decorativa.net\/#organization\"},\"potentialAction\":[{\"@type\":\"SearchAction\",\"target\":{\"@type\":\"EntryPoint\",\"urlTemplate\":\"https:\/\/inova-decorativa.net\/?s={search_term_string}\"},\"query-input\":{\"@type\":\"PropertyValueSpecification\",\"valueRequired\":true,\"valueName\":\"search_term_string\"}}],\"inLanguage\":\"en-US\"},{\"@type\":\"Organization\",\"@id\":\"https:\/\/inova-decorativa.net\/#organization\",\"name\":\"INOVA Decorativa\",\"url\":\"https:\/\/inova-decorativa.net\/\",\"logo\":{\"@type\":\"ImageObject\",\"inLanguage\":\"en-US\",\"@id\":\"https:\/\/inova-decorativa.net\/#\/schema\/logo\/image\/\",\"url\":\"https:\/\/inova-decorativa.net\/wp-content\/uploads\/2021\/12\/favicon.svg\",\"contentUrl\":\"https:\/\/inova-decorativa.net\/wp-content\/uploads\/2021\/12\/favicon.svg\",\"width\":487,\"height\":487,\"caption\":\"INOVA Decorativa\"},\"image\":{\"@id\":\"https:\/\/inova-decorativa.net\/#\/schema\/logo\/image\/\"},\"sameAs\":[\"https:\/\/www.facebook.com\/INOVA-Decorativa-vrhunski-dekorativni-materijali-218104771544433\/\",\"https:\/\/www.instagram.com\/info.inovagroup\/\"]}]}<\/script>\n<!-- \/ Yoast SEO plugin. -->","yoast_head_json":{"title":"Boje i lakovi - Hidrofob - INOVA Decorativa","description":"Potpuna i trajna vodoodbojnost, Potpuna za\u0161tita cigle, betona, kamena i drugih materijala u smislu svojstva vodoodbojnosti koje se, nakon jednog tretiranja, zadr\u017eava vi\u0161e decenija! JEDINSTVEN NA TR\u017dI\u0160TU po tome \u0161to se u prodaji nalazi koncentrovan, tako da se, pre upotrebe, jedan litar proizvoda me\u0161a sa jo\u0161 tri litra vode.","robots":{"index":"index","follow":"follow","max-snippet":"max-snippet:-1","max-image-preview":"max-image-preview:large","max-video-preview":"max-video-preview:-1"},"canonical":"https:\/\/inova-decorativa.net\/en\/hidrofob\/","og_locale":"en_US","og_type":"article","og_title":"Boje i lakovi - Hidrofob - INOVA Decorativa","og_description":"Potpuna i trajna vodoodbojnost, Potpuna za\u0161tita cigle, betona, kamena i drugih materijala u smislu svojstva vodoodbojnosti koje se, nakon jednog tretiranja, zadr\u017eava vi\u0161e decenija! JEDINSTVEN NA TR\u017dI\u0160TU po tome \u0161to se u prodaji nalazi koncentrovan, tako da se, pre upotrebe, jedan litar proizvoda me\u0161a sa jo\u0161 tri litra vode.","og_url":"https:\/\/inova-decorativa.net\/en\/hidrofob\/","og_site_name":"INOVA Decorativa","article_publisher":"https:\/\/www.facebook.com\/INOVA-Decorativa-vrhunski-dekorativni-materijali-218104771544433\/","article_modified_time":"2024-11-03T13:24:56+00:00","og_image":[{"width":700,"height":600,"url":"https:\/\/inova-decorativa.net\/wp-content\/uploads\/2024\/10\/img-hidrofob.webp","type":"image\/webp"}],"twitter_card":"summary_large_image","twitter_misc":{"Est. reading time":"1 minute"},"schema":{"@context":"https:\/\/schema.org","@graph":[{"@type":"WebPage","@id":"https:\/\/inova-decorativa.net\/hidrofob\/","url":"https:\/\/inova-decorativa.net\/hidrofob\/","name":"Boje i lakovi - Hidrofob - INOVA Decorativa","isPartOf":{"@id":"https:\/\/inova-decorativa.net\/#website"},"primaryImageOfPage":{"@id":"https:\/\/inova-decorativa.net\/hidrofob\/#primaryimage"},"image":{"@id":"https:\/\/inova-decorativa.net\/hidrofob\/#primaryimage"},"thumbnailUrl":"https:\/\/inova-decorativa.net\/wp-content\/uploads\/2024\/10\/img-hidrofob.webp","datePublished":"2024-10-25T16:20:58+00:00","dateModified":"2024-11-03T13:24:56+00:00","description":"Potpuna i trajna vodoodbojnost, Potpuna za\u0161tita cigle, betona, kamena i drugih materijala u smislu svojstva vodoodbojnosti koje se, nakon jednog tretiranja, zadr\u017eava vi\u0161e decenija! JEDINSTVEN NA TR\u017dI\u0160TU po tome \u0161to se u prodaji nalazi koncentrovan, tako da se, pre upotrebe, jedan litar proizvoda me\u0161a sa jo\u0161 tri litra vode.","breadcrumb":{"@id":"https:\/\/inova-decorativa.net\/hidrofob\/#breadcrumb"},"inLanguage":"en-US","potentialAction":[{"@type":"ReadAction","target":["https:\/\/inova-decorativa.net\/hidrofob\/"]}]},{"@type":"ImageObject","inLanguage":"en-US","@id":"https:\/\/inova-decorativa.net\/hidrofob\/#primaryimage","url":"https:\/\/inova-decorativa.net\/wp-content\/uploads\/2024\/10\/img-hidrofob.webp","contentUrl":"https:\/\/inova-decorativa.net\/wp-content\/uploads\/2024\/10\/img-hidrofob.webp","width":700,"height":600},{"@type":"BreadcrumbList","@id":"https:\/\/inova-decorativa.net\/hidrofob\/#breadcrumb","itemListElement":[{"@type":"ListItem","position":1,"name":"Po\u010detna","item":"https:\/\/inova-decorativa.net\/"},{"@type":"ListItem","position":2,"name":"Proizvodi","item":"https:\/\/inova-decorativa.net\/proizvodi\/"},{"@type":"ListItem","position":3,"name":"Hidrofob"}]},{"@type":"WebSite","@id":"https:\/\/inova-decorativa.net\/#website","url":"https:\/\/inova-decorativa.net\/","name":"INOVA Decorativa - Dekorativini materijali - Boje i lakovi - Dekorativni kamen - Dekorativna cigla","description":"Dekorativini materijali - Boje i lakovi - Dekorativni kamen - Dekorativna cigla","publisher":{"@id":"https:\/\/inova-decorativa.net\/#organization"},"potentialAction":[{"@type":"SearchAction","target":{"@type":"EntryPoint","urlTemplate":"https:\/\/inova-decorativa.net\/?s={search_term_string}"},"query-input":{"@type":"PropertyValueSpecification","valueRequired":true,"valueName":"search_term_string"}}],"inLanguage":"en-US"},{"@type":"Organization","@id":"https:\/\/inova-decorativa.net\/#organization","name":"INOVA Decorativa","url":"https:\/\/inova-decorativa.net\/","logo":{"@type":"ImageObject","inLanguage":"en-US","@id":"https:\/\/inova-decorativa.net\/#\/schema\/logo\/image\/","url":"https:\/\/inova-decorativa.net\/wp-content\/uploads\/2021\/12\/favicon.svg","contentUrl":"https:\/\/inova-decorativa.net\/wp-content\/uploads\/2021\/12\/favicon.svg","width":487,"height":487,"caption":"INOVA Decorativa"},"image":{"@id":"https:\/\/inova-decorativa.net\/#\/schema\/logo\/image\/"},"sameAs":["https:\/\/www.facebook.com\/INOVA-Decorativa-vrhunski-dekorativni-materijali-218104771544433\/","https:\/\/www.instagram.com\/info.inovagroup\/"]}]}},"_links":{"self":[{"href":"https:\/\/inova-decorativa.net\/en\/wp-json\/wp\/v2\/product\/6549","targetHints":{"allow":["GET"]}}],"collection":[{"href":"https:\/\/inova-decorativa.net\/en\/wp-json\/wp\/v2\/product"}],"about":[{"href":"https:\/\/inova-decorativa.net\/en\/wp-json\/wp\/v2\/types\/product"}],"replies":[{"embeddable":true,"href":"https:\/\/inova-decorativa.net\/en\/wp-json\/wp\/v2\/comments?post=6549"}],"version-history":[{"count":5,"href":"https:\/\/inova-decorativa.net\/en\/wp-json\/wp\/v2\/product\/6549\/revisions"}],"predecessor-version":[{"id":6558,"href":"https:\/\/inova-decorativa.net\/en\/wp-json\/wp\/v2\/product\/6549\/revisions\/6558"}],"wp:featuredmedia":[{"embeddable":true,"href":"https:\/\/inova-decorativa.net\/en\/wp-json\/wp\/v2\/media\/6556"}],"wp:attachment":[{"href":"https:\/\/inova-decorativa.net\/en\/wp-json\/wp\/v2\/media?parent=6549"}],"wp:term":[{"taxonomy":"product_brand","embeddable":true,"href":"https:\/\/inova-decorativa.net\/en\/wp-json\/wp\/v2\/product_brand?post=6549"},{"taxonomy":"product_cat","embeddable":true,"href":"https:\/\/inova-decorativa.net\/en\/wp-json\/wp\/v2\/product_cat?post=6549"},{"taxonomy":"product_tag","embeddable":true,"href":"https:\/\/inova-decorativa.net\/en\/wp-json\/wp\/v2\/product_tag?post=6549"}],"curies":[{"name":"wp","href":"https:\/\/api.w.org\/{rel}","templated":true}]}}